{"id":4149,"date":"2016-06-20T16:26:00","date_gmt":"2016-06-20T14:26:00","guid":{"rendered":"http:\/\/www.santilariosulfarfa.com\/de\/?page_id=4149"},"modified":"2016-06-20T16:26:00","modified_gmt":"2016-06-20T14:26:00","slug":"valle-sankt-rieti","status":"publish","type":"page","link":"https:\/\/www.santilariosulfarfa.com\/de\/valle-sankt-rieti\/","title":{"rendered":"Valle Sankt Rieti"},"content":{"rendered":"<p><img loading=\"lazy\" decoding=\"async\" class=\"size-full wp-image-3754 aligncenter\" src=\"http:\/\/www.santilariosulfarfa.com\/wp-content\/uploads\/2016\/05\/Valle-Santa.jpg\" alt=\"Valle Santa\" width=\"1024\" height=\"768\" srcset=\"https:\/\/www.santilariosulfarfa.com\/wp-content\/uploads\/2016\/05\/Valle-Santa.jpg 1024w, https:\/\/www.santilariosulfarfa.com\/wp-content\/uploads\/2016\/05\/Valle-Santa-300x225.jpg 300w, https:\/\/www.santilariosulfarfa.com\/wp-content\/uploads\/2016\/05\/Valle-Santa-768x576.jpg 768w\" sizes=\"auto, (max-width: 1024px) 100vw, 1024px\" \/><\/p>\n<p>&#8220;Hat Francis geheiligt Assisi, seiner Heimatstadt, sondern leuchtete in der Provinz Rieti auf eine besondere Vorliebe und f\u00fcr die Pracht der vielen Wunder.&#8221;<br \/>\n(Anonymous Reatino, Actus Beati Francisci im Rieti Tal, 7 P, hrsg. Von A. Cadderi, Assisi, Edizioni Porziuncola, 1999)<\/p>\n<p>Es findet alle innerhalb von vierundvierzig (1182-1226) Biographie des Heiligen, der die Geschichte der Kirche ge\u00e4ndert: St. Franziskus von Assisi. &#8220;Guten Morgen, guten Menschen&#8221;, mit diesen Worten im Herbst 1208 (Oktober 4) der junge Francis begr\u00fc\u00dft die Bewohner von Poggio Bustone, eines der D\u00f6rfer, aus denen im Rieti Tal beginnt zu predigen, nur durch die mystischen Exerzitien unterbrochen zwischen wilden W\u00e4lder der Gegend.<\/p>\n<p>Im Jahre 1223, Fonte Colombo, schreibt die Ordnung, die Art und Weise, dass seine Br\u00fcder die Jahrhunderte folgen vorbei. Im selben Jahr, in Greccio, die erste Krippe in der christlichen Geschichte zu schaffen, so &#8220;Greccio hat wie ein neues Bethlehem werden.&#8221; Im Jahre 1225, kranken Augen, ging er zum ersten Mal in das Kloster La Forest, wo er sagte, ist die Sonnengesang geschrieben zu haben, dann wieder im Fonte Colombo, wo es ist eine Augenoperation. W\u00e4lder und alte W\u00e4lder immer noch die H\u00fcgel rund um das Heilige Tal bedecken, ist die Ebene fruchtbaren Ernten.<\/p>\n<p>Devotion, unber\u00fchrte Natur, die k\u00fcnstlerische Sch\u00f6nheit machen Reatino den idealen Ort f\u00fcr Spuren von der Predigt des Franziskus zu suchen. Erbaut in den Felsen und wickelte in den W\u00e4ldern sind die vier Franziskaner Sanctuaries ein lebendiges Zeugnis der franziskanischen Spiritualit\u00e4t und eine Ode an die Sch\u00f6nheit der Natur.<\/p>\n<p>Das Convento di Fonte Colombo<br \/>\nDer Name des Klosters w\u00fcrde Franziskus selbst angegeben werden, die dort von einem Wald aus Eichen umgeben in einem Brunnen entdeckt. Hier, in 1223, nach einer vierzigt\u00e4gigen schnell, diktierte der Heilige die strenge Regel des Ordens. Im Jahre 1225 hielt er wieder in den W\u00e4ldern von Fonte Colombo eine zarte Augenoperation zu unterziehen. Die Klosteranlage besteht aus einem kleinen Platz, der von der Kirche im Jahre 1450 geweiht \u00fcbersehen und das Kloster in Teil XV. Weiter unten, eine abgestufte Rampe auf der linken Seite der Kirche nach unten geht, sind die Eremitage von St. Francis, die Kapelle der Maria Magdalena (s. XIII) und eine Via Crucis geflieste Capodimonte (XVIII Jahrhundert). Der Besuch endet mit dem Sacro Speco, wo Francis eine Vision von Christus hatte, die die Regel best\u00e4tigt.<\/p>\n<p>Das Kloster von Greccio<br \/>\nEingebettet in einem Wald aus Eichen, an einem Berghang mit Blick auf das Heilige Tal, stammt das Kloster zur\u00fcck, in seinem \u00e4ltesten Teil, zum Zeitpunkt der Verk\u00fcndigung des Franziskus. Der Rest der Struktur wurde zwischen 1260 und 1270. Zu Weihnachten 1223 baute ich stellte den Heiligen Geburt des Erl\u00f6sers, zum ersten Mal in der christlichen Tradition, mit lebenden Tieren und menschlichen Figuren.<\/p>\n<p>In der Kapelle der Geburt Christi, \u00fcber dem Altar, ist es ein f\u00fcnfzehnten Jahrhundert Fresko, das die Folge erinnert. Von der Kapelle f\u00fchrt in die K\u00fcche, Refektorium und dem ersten Schlafsaal der M\u00f6nche, mit der Zelle, wo Francis ins Bett auf dem nackten Fels ging. Auf der ersten Etage befindet sich das Oratorium von San Bonaventura, eine der ersten Kirchen St. Franziskus gewidmet, vielleicht im Jahre 1228, dem Jahr seiner Heiligsprechung. Auf der gleichen Etage ist das alte Schlafsaal (1260-1270), bestehend aus blanken Holzzellen platziert. Ein Saumpfad f\u00fchrt aus dem Kloster, in etwa zwei Stunden auf dem Gipfel des Berges St. Francis, wo eine Kapelle von 1792 an die Stelle der mystischen Betrachtung des Heiligen erinnert.<\/p>\n<p>Vor kurzem das Dorf Greccio und seine Franziskaner Heiligtum wurden von der UNESCO unter den 754 Websites enthalten, die Teil des Weltkulturerbes sind.<\/p>\n<p>Der St. James-Kloster in Poggio Bustone<br \/>\nIsoliert von gr\u00fcnen W\u00e4ldern, wurde das Kloster zwischen 1235 und 1237. Von dem Platz aus durch die Veranda gegr\u00fcndet, geben Sie die mystische Kirche (XV Jahrhundert) und das Kloster. Das Kloster beh\u00e4lt S\u00e4ulen und achteckigen S\u00e4ulen des dreizehnten Jahrhundert als Kloster. Sie k\u00f6nnen auch das Refektorium besuchen, mit Fresken an den W\u00e4nden und von St. Francis Speco bewohnt. Climbing Mount Rose, bis 1075 Meter hoch, k\u00f6nnen Sie in der Eremitage, ein Liebling des Heiligen St\u00e4tte zu stoppen, wo es einen dreizehnten Jahrhundert Kirche und einem siebzehnten Jahrhundert Fresken in der Kapelle.<\/p>\n<p>Das Kloster Der Wald<br \/>\nIm Jahre 1225 St. Francis, kranken Augen, kam zu Rieti Behandlung durch \u00c4rzte von Honorius III zu suchen, dann mit Wohnsitz in Sabine Hauptstadt. Bei dieser Gelegenheit im dreizehnten Jahrhundert untergebracht Francesco, jetzt annektierte es zum Kloster. Tradition hat es, dass in der Ruhe der H\u00fcgel, der Heilige er den Lobgesang der Gesch\u00f6pfe zusammen. Der Besuch des Klosters umfasst die Kirche von San Fabiano, im f\u00fcnfzehnten Jahrhundert mit Fresken bemalt, und im Jahre 1600 in der Kirche von Santa Maria aufgenommen; stammen aus dem f\u00fcnfzehnten Jahrhundert im Kloster achteckigen Pfeilern und Klostergeb\u00e4ude. Das Refektorium enth\u00e4lt die Wanne, in dem der Heilige das Wunder der Trauben f\u00fchren w\u00fcrde, eine magere Ernte in einer reichlichen Produktion von Wein zu verwandeln.<\/p>\n","protected":false},"excerpt":{"rendered":"<p>&#8220;Hat Francis geheiligt Assisi, seiner Heimatstadt, sondern leuchtete in der Provinz Rieti auf eine besondere Vorliebe und f\u00fcr die Pracht [&hellip;]<\/p>\n","protected":false},"author":1,"featured_media":0,"parent":0,"menu_order":0,"comment_status":"closed","ping_status":"closed","template":"page-templates\/page-right.php","meta":{"footnotes":""},"class_list":["post-4149","page","type-page","status-publish","hentry"],"_links":{"self":[{"href":"https:\/\/www.santilariosulfarfa.com\/de\/wp-json\/wp\/v2\/pages\/4149","targetHints":{"allow":["GET"]}}],"collection":[{"href":"https:\/\/www.santilariosulfarfa.com\/de\/wp-json\/wp\/v2\/pages"}],"about":[{"href":"https:\/\/www.santilariosulfarfa.com\/de\/wp-json\/wp\/v2\/types\/page"}],"author":[{"embeddable":true,"href":"https:\/\/www.santilariosulfarfa.com\/de\/wp-json\/wp\/v2\/users\/1"}],"replies":[{"embeddable":true,"href":"https:\/\/www.santilariosulfarfa.com\/de\/wp-json\/wp\/v2\/comments?post=4149"}],"version-history":[{"count":1,"href":"https:\/\/www.santilariosulfarfa.com\/de\/wp-json\/wp\/v2\/pages\/4149\/revisions"}],"predecessor-version":[{"id":4150,"href":"https:\/\/www.santilariosulfarfa.com\/de\/wp-json\/wp\/v2\/pages\/4149\/revisions\/4150"}],"wp:attachment":[{"href":"https:\/\/www.santilariosulfarfa.com\/de\/wp-json\/wp\/v2\/media?parent=4149"}],"curies":[{"name":"wp","href":"https:\/\/api.w.org\/{rel}","templated":true}]}}