{"id":4140,"date":"2016-06-20T16:19:31","date_gmt":"2016-06-20T14:19:31","guid":{"rendered":"http:\/\/www.santilariosulfarfa.com\/de\/?page_id=4140"},"modified":"2016-06-20T16:21:57","modified_gmt":"2016-06-20T14:21:57","slug":"schrein-des-vescovio","status":"publish","type":"page","link":"https:\/\/www.santilariosulfarfa.com\/de\/schrein-des-vescovio\/","title":{"rendered":"Schrein des Vescovio"},"content":{"rendered":"<p><img loading=\"lazy\" decoding=\"async\" class=\"size-large wp-image-3777 aligncenter\" src=\"http:\/\/www.santilariosulfarfa.com\/wp-content\/uploads\/2016\/05\/santa-maria-di-vescovio-1024x480-1024x480.jpg\" alt=\"santa-maria-di-vescovio-1024x480\" width=\"750\" height=\"352\" srcset=\"https:\/\/www.santilariosulfarfa.com\/wp-content\/uploads\/2016\/05\/santa-maria-di-vescovio-1024x480.jpg 1024w, https:\/\/www.santilariosulfarfa.com\/wp-content\/uploads\/2016\/05\/santa-maria-di-vescovio-1024x480-300x141.jpg 300w, https:\/\/www.santilariosulfarfa.com\/wp-content\/uploads\/2016\/05\/santa-maria-di-vescovio-1024x480-768x360.jpg 768w\" sizes=\"auto, (max-width: 750px) 100vw, 750px\" \/><\/p>\n<p>Der Schrein von Vescovio, zu den bekanntesten und wichtigsten Sehensw\u00fcrdigkeiten von Sabina, in der Gegend, wo sich einst die r\u00f6mische Stadt &#8220;Forum Novum&#8221; stand. Der erste Nachweis von Santa Maria in Vescovio, der alten Kathedrale des Sabines bis 1495, wenn der Di\u00f6zesansitz nach Magliano Sabina verschoben wurde, aus dem VIII Jahrhundert. Wurde von den Sarazenen im neunten Jahrhundert zerst\u00f6rt, dann mehrmals umgebaut und restauriert, auch wenn das jetzt in den Augen der Besucher erscheint, ist eine Kirche, die die romanischen Merkmale des zw\u00f6lften Jahrhunderts bewahrt.<\/p>\n<p>Von besonderer Sch\u00f6nheit ist es der Glockenturm, f\u00fcnf Reihen von Fenstern, in einer sp\u00e4teren Periode baute die Kirche Materialien Verwendung als Fragmente von Skulpturen und Marmorplatten genommen zu machen.<\/p>\n<p>Das Innere der Kirche, ein einziges Schiff, von einigen vierzehnten Jahrhundert Gem\u00e4lde der Cavallini Schule verziert ist (Cavallini ist einer der wichtigsten Vertreter der r\u00f6mischen Schule) und beh\u00e4lt einige dreizehnten Jahrhundert Fresken an den W\u00e4nden, die Szenen aus und neues Testament.<\/p>\n<p>Durch zwei Ports, die in der N\u00e4he des Presbyteriums befinden, tritt es in die halbrunde Krypta des elften Jahrhunderts auf einer fr\u00fcheren Kirche gebaut, sich auf r\u00f6mischen Geb\u00e4ude errichtet.<\/p>\n<p>In der N\u00e4he der Kirche befinden sich die \u00dcberreste des Klosters unter Papst Clemens VII gebaut, am Ende des sechzehnten Jahrhunderts, wie logistische Unterst\u00fctzung f\u00fcr die Kirche.<\/p>\n<p>Ge\u00f6ffnet t\u00e4glich von 8,00 bis 20,00.<br \/>\nTel.: +39 0765 608035<\/p>\n","protected":false},"excerpt":{"rendered":"<p>Der Schrein von Vescovio, zu den bekanntesten und wichtigsten Sehensw\u00fcrdigkeiten von Sabina, in der Gegend, wo sich einst die r\u00f6mische [&hellip;]<\/p>\n","protected":false},"author":1,"featured_media":0,"parent":0,"menu_order":0,"comment_status":"closed","ping_status":"closed","template":"page-templates\/page-right.php","meta":{"footnotes":""},"class_list":["post-4140","page","type-page","status-publish","hentry"],"_links":{"self":[{"href":"https:\/\/www.santilariosulfarfa.com\/de\/wp-json\/wp\/v2\/pages\/4140","targetHints":{"allow":["GET"]}}],"collection":[{"href":"https:\/\/www.santilariosulfarfa.com\/de\/wp-json\/wp\/v2\/pages"}],"about":[{"href":"https:\/\/www.santilariosulfarfa.com\/de\/wp-json\/wp\/v2\/types\/page"}],"author":[{"embeddable":true,"href":"https:\/\/www.santilariosulfarfa.com\/de\/wp-json\/wp\/v2\/users\/1"}],"replies":[{"embeddable":true,"href":"https:\/\/www.santilariosulfarfa.com\/de\/wp-json\/wp\/v2\/comments?post=4140"}],"version-history":[{"count":2,"href":"https:\/\/www.santilariosulfarfa.com\/de\/wp-json\/wp\/v2\/pages\/4140\/revisions"}],"predecessor-version":[{"id":4145,"href":"https:\/\/www.santilariosulfarfa.com\/de\/wp-json\/wp\/v2\/pages\/4140\/revisions\/4145"}],"wp:attachment":[{"href":"https:\/\/www.santilariosulfarfa.com\/de\/wp-json\/wp\/v2\/media?parent=4140"}],"curies":[{"name":"wp","href":"https:\/\/api.w.org\/{rel}","templated":true}]}}