{"id":4134,"date":"2016-06-20T15:55:26","date_gmt":"2016-06-20T13:55:26","guid":{"rendered":"http:\/\/www.santilariosulfarfa.com\/de\/?page_id=4134"},"modified":"2016-06-20T15:55:26","modified_gmt":"2016-06-20T13:55:26","slug":"wallfahrtskirche-santa-vittoria","status":"publish","type":"page","link":"https:\/\/www.santilariosulfarfa.com\/de\/wallfahrtskirche-santa-vittoria\/","title":{"rendered":"Wallfahrtskirche Santa Vittoria"},"content":{"rendered":"<p><img loading=\"lazy\" decoding=\"async\" class=\"size-full wp-image-3773 aligncenter\" src=\"http:\/\/www.santilariosulfarfa.com\/wp-content\/uploads\/2016\/05\/header.jpg\" alt=\"header\" width=\"984\" height=\"500\" srcset=\"https:\/\/www.santilariosulfarfa.com\/wp-content\/uploads\/2016\/05\/header.jpg 984w, https:\/\/www.santilariosulfarfa.com\/wp-content\/uploads\/2016\/05\/header-300x152.jpg 300w, https:\/\/www.santilariosulfarfa.com\/wp-content\/uploads\/2016\/05\/header-768x390.jpg 768w\" sizes=\"auto, (max-width: 984px) 100vw, 984px\" \/>MONTELEONE SABINO: Der Heilige Geist kommt nach unten auf das &#8220;NEW SANCTUARY&#8221; THE HOLY VICTORY.<\/p>\n<p>Am Pfingstsonntag, Sonntag, 11. Mai 2008 wurde das Dorf von Monteleone Sabino beh\u00e4ngt den Abstieg des Heiligen Geistes zu feiern, sondern auch f\u00fcr die Einweihung des Heiligtums dem Schutzheiligen gewidmet, die Jungfrau und M\u00e4rtyrerin Santa Vittoria.<br \/>\nDie Gemeinde hatte begonnen, Schritte zu unternehmen, weil es mehr m\u00f6gliche \u00dcberreste von Santa Vittoria sind. Von Urbania hatte den Unterkiefer und das Kloster von Sacro Speco der Sch\u00e4del von Santa zur\u00fcckgegeben. Dienstag ist das ganze Land, das triumphierend als Braut begr\u00fc\u00dft, der neunzehnten Jahrhunderts Statue seinen anderen zahlreichen Reliquien, die von der Gemeinde S. Donato in Civita di Bagnoregio kam, durch den B\u00fcrgermeister Rino Pompeji begleitet. Der Klang der Glocken und das Horn der Autos haben das Land alarmiert jeder von der Ankunft von Santa gekreuzt. Viele Gl\u00e4ubige versammelten sich in der Pfarrkirche zum Gebet, zusammen mit dem Pfarrer von Bagnoregio und den B\u00fcrgermeistern und Monteleone.<br \/>\nDer Tag der Party kamen aus verschiedenen Orten andere Reliquien von den Gl\u00e4ubigen begleitet: von Santa Vittoria in Matenano (AP), die Reliquien von dem Pfarrer, der B\u00fcrgermeister und der Bruderschaft von Santa Vittoria begleitet wurden; von Pisoniano (RM), brachten sie die Reliquien der B\u00fcrgermeister und Vater Virgilio, o.f.m. und eine getreue Darstellung. Wurden auf der Party, ein Priester der Di\u00f6zese Rieti, einige Diakone, die Franziskanerinnen Angeline, zahlreiche zivile Beh\u00f6rden und Vertreter der Polizei, viele Gl\u00e4ubige von Monteleone vereinbart und anderswo.<br \/>\nDie lange und bunte Prozession begann um 10:00 Uhr von der Pfarrkirche. Sie nahmen an der Prozession, neben den G\u00e4sten \u00fcber alle kirchlichen Gruppen einschlie\u00dflich der drei Bruderschaften der Gemeinde von Monteleone, der versammelten Bruderschaft von Oliveto Sabino, der Gebetsgruppe und der Ginestra Band und Band von Monteleone aufgef\u00fchrt. Der ganze Zug hielt vor dem Schrein, wo der Bischof der Di\u00f6zese Rieti, S. E. Rev.ma Mons. Delio Lucarelli das Band geschnitten. Kommen zuerst in der Wallfahrtskirche, gefolgt von dem Pfarrer und der B\u00fcrgermeister von Monteleone, entdeckte der Pr\u00e4lat einen Stein zum Gedenken an das Ereignis im Atrium.<br \/>\nSo animieren freudig feierliche Heilige Messe, dachte er die Jugendkirchenchor Johannes Paul II. Nach der Begr\u00fc\u00dfung der von der Pfarrer sprach Bischof und G\u00e4ste, begann der Bischof die Zeremonie mit dem Segen des Heiligtums. In seiner Predigt betonte er die Rolle des Heiligen Geistes im Leben der Kirche und der einzelnen getauft, und ermutigt, die zwei Tage der Konfirmanden, Giorgia und Captains Lorenzo De Santis, authentische Zeugen Christi zu sein. Wie f\u00fcr das Heiligtum, erinnerte sich der Bischof, wie der Ort der Anbetung in die alte Zeit von Monteleone sehr teuer war, wie alle Gl\u00e4ubigen der Di\u00f6zese Rieti und auf allen Ebenen der Vittoria heiligen Anh\u00e4nger.<br \/>\nDie Entlassung der Versammlung, bedankte sich bei allen Teilnehmern und Organisatoren und bat alle wichtigen und st\u00e4ndigen Einsatz, weil das Heiligtum im Zentrum aller Aktivit\u00e4ten Gemeinde gelegt und lebte als Ort des intensiven Gebets und geh\u00f6rt und Verehrung erfahren.<br \/>\nDie Prozession wieder den Start, in dem Land kommen, und durch das historische Zentrum vorbei, wurde im April Piazza XXIV abgeschlossen, wo der Bischof den Segen mit der Reliquie in Form von Santa Vittoria Arm gab. Nach dem Hinweis darauf, dass im n\u00e4chsten Jahr die Pfarrei Oratoriums seine 20 Jahre gefeiert h\u00e4tte, lud der Pfarrer alle in der Pfarrkirche zu sammeln. Der Bischof, Priester, Diakone, Schwestern, Zivilbeh\u00f6rden, Vertreter der Sicherheitskr\u00e4fte und andere G\u00e4ste versammelten sich im Gebet, f\u00fcr einen kurzen Moment, am Grab von Santa Vittoria von Bagnoregio.<\/p>\n","protected":false},"excerpt":{"rendered":"<p>MONTELEONE SABINO: Der Heilige Geist kommt nach unten auf das &#8220;NEW SANCTUARY&#8221; THE HOLY VICTORY. Am Pfingstsonntag, Sonntag, 11. Mai [&hellip;]<\/p>\n","protected":false},"author":1,"featured_media":0,"parent":0,"menu_order":0,"comment_status":"closed","ping_status":"closed","template":"page-templates\/page-right.php","meta":{"footnotes":""},"class_list":["post-4134","page","type-page","status-publish","hentry"],"_links":{"self":[{"href":"https:\/\/www.santilariosulfarfa.com\/de\/wp-json\/wp\/v2\/pages\/4134","targetHints":{"allow":["GET"]}}],"collection":[{"href":"https:\/\/www.santilariosulfarfa.com\/de\/wp-json\/wp\/v2\/pages"}],"about":[{"href":"https:\/\/www.santilariosulfarfa.com\/de\/wp-json\/wp\/v2\/types\/page"}],"author":[{"embeddable":true,"href":"https:\/\/www.santilariosulfarfa.com\/de\/wp-json\/wp\/v2\/users\/1"}],"replies":[{"embeddable":true,"href":"https:\/\/www.santilariosulfarfa.com\/de\/wp-json\/wp\/v2\/comments?post=4134"}],"version-history":[{"count":1,"href":"https:\/\/www.santilariosulfarfa.com\/de\/wp-json\/wp\/v2\/pages\/4134\/revisions"}],"predecessor-version":[{"id":4135,"href":"https:\/\/www.santilariosulfarfa.com\/de\/wp-json\/wp\/v2\/pages\/4134\/revisions\/4135"}],"wp:attachment":[{"href":"https:\/\/www.santilariosulfarfa.com\/de\/wp-json\/wp\/v2\/media?parent=4134"}],"curies":[{"name":"wp","href":"https:\/\/api.w.org\/{rel}","templated":true}]}}