{"id":4121,"date":"2016-06-20T15:22:51","date_gmt":"2016-06-20T13:22:51","guid":{"rendered":"http:\/\/www.santilariosulfarfa.com\/de\/?page_id=4121"},"modified":"2025-11-27T10:42:05","modified_gmt":"2025-11-27T09:42:05","slug":"oekologische-wochen","status":"publish","type":"page","link":"https:\/\/www.santilariosulfarfa.com\/de\/oekologische-wochen\/","title":{"rendered":"\u00d6kologische Wochen"},"content":{"rendered":"<div class=\"wpb-content-wrapper\">[vc_row][vc_column width=&#8221;1\/2&#8243;][vc_column_text]An unserem Bauerhof organisieren wir besondere Urlaube f\u00fcr Ihre Kinder (7-14 Jahre) mit Sports und Vergn\u00fcgenen. Ein spezielles Lehrerkollegium (Hauptlehrer, Prof. Franco Bagala \u00a0&#8211; ISEF, Rom) passt auf der Kinder.<\/p>\n<p>YDie Kinder werden in Zimmer mit 3 oder 4 Betten untergebracht; es gibt 4 Mahlzeiten (Fr\u00fchst\u00fcck, Mittagessen, Nachmittagsimbi\u00df, Abendessen), deren jede Zutat immer ein landwirtschaftliches Erzeugnis bei unserem Hof oder bei anderen biologischen H\u00f6fe in Sabina ist.<\/p>\n<p>Hofst\u00e4tigkaiten:<br \/>\n&#8211; Schwimmunterrischt im panoramischen Swimmbecken unseres Hofs<br \/>\n&#8211; Volleyball<br \/>\n&#8211; Mini-fu\u00dfball<br \/>\n&#8211; Gymnastik<br \/>\n&#8211; Badmington (mini-tennis)<br \/>\n&#8211; Ping pong<br \/>\n&#8211; Traditionelle Italienische Kinderspiele<br \/>\n&#8211; Gesellschaftsspiele (Dame, Schach, Risiko\u00d4, Monopoli\u00d4\u2026)<br \/>\n&#8211; Filmsseminare<br \/>\n&#8211; Trekking im Tal des Farfa Flusses.<br \/>\n&#8211; Besichtigung der Farfa Abtei<br \/>\n&#8211; Besichtigungen einiger biologischen Bauerh\u00f6fe des Sabina Lands<br \/>\n&#8211; Karaoke, Disco[\/vc_column_text][\/vc_column][vc_column width=&#8221;1\/2&#8243;][vc_column_text]\n<h3>Ein typischer Tag am Bauerhof und andere Informationen<\/h3>\n<p>Bei unserem Bauerhof k\u00f6nnen Ihre Kinder in einem gesunden Urlaub sein.<br \/>\nIn letzen Jahren viele Sch\u00fcler von Grund- und Mittelschulen waren bei uns.<br \/>\nEin typischer Tag an dem Bauerhof:<br \/>\n8.00 Wecken<br \/>\n8.30 Fr\u00fchst\u00fcck<br \/>\n9.00 Tagliches Briefing<br \/>\n9.30 Sportsspiele (z.B. Volleyball, Mini-fu\u00dfball, tennis\u2026)<br \/>\n11.00 Swimmstunde<br \/>\n12.30 Dusche<br \/>\n13.00 Mittagessen<br \/>\n14.00 Siesta<br \/>\n15.30 Trekking, oder Besichtigung<br \/>\n18.00 Kinderspiele<br \/>\n19.00 Dusche<br \/>\n19.30 Abendessen<br \/>\n20.30 Gesellschaftsspiele, Karaoke, Tanz, Filmseminar.<br \/>\n22.00 Heia[\/vc_column_text][\/vc_column][\/vc_row][vc_row full_width=&#8221;stretch_row&#8221; parallax=&#8221;content-moving&#8221; css=&#8221;.vc_custom_1463238858127{background-image: url(http:\/\/www.santilariosulfarfa.com\/wp-content\/uploads\/2016\/05\/bg_Azienda.jpg?id=3429) !important;background-position: center;background-repeat: no-repeat !important;background-size: cover !important;}&#8221; el_class=&#8221;content-padding-mobile-none&#8221;][vc_column width=&#8221;2\/3&#8243; offset=&#8221;vc_col-sm-offset-2&#8243; el_class=&#8221;white-box content-padding-xs&#8221;][vc_images_carousel images=&#8221;10450,10452,10453,10432,10428,10424,10420,10416&#8243; css=&#8221;&#8221;][\/vc_column][\/vc_row]\n<\/div>","protected":false},"excerpt":{"rendered":"<p>[vc_row][vc_column width=&#8221;1\/2&#8243;][vc_column_text]An unserem Bauerhof organisieren wir besondere Urlaube f\u00fcr Ihre Kinder (7-14 Jahre) mit Sports und Vergn\u00fcgenen. Ein spezielles Lehrerkollegium [&hellip;]<\/p>\n","protected":false},"author":1,"featured_media":0,"parent":0,"menu_order":0,"comment_status":"closed","ping_status":"closed","template":"","meta":{"footnotes":""},"class_list":["post-4121","page","type-page","status-publish","hentry"],"_links":{"self":[{"href":"https:\/\/www.santilariosulfarfa.com\/de\/wp-json\/wp\/v2\/pages\/4121","targetHints":{"allow":["GET"]}}],"collection":[{"href":"https:\/\/www.santilariosulfarfa.com\/de\/wp-json\/wp\/v2\/pages"}],"about":[{"href":"https:\/\/www.santilariosulfarfa.com\/de\/wp-json\/wp\/v2\/types\/page"}],"author":[{"embeddable":true,"href":"https:\/\/www.santilariosulfarfa.com\/de\/wp-json\/wp\/v2\/users\/1"}],"replies":[{"embeddable":true,"href":"https:\/\/www.santilariosulfarfa.com\/de\/wp-json\/wp\/v2\/comments?post=4121"}],"version-history":[{"count":3,"href":"https:\/\/www.santilariosulfarfa.com\/de\/wp-json\/wp\/v2\/pages\/4121\/revisions"}],"predecessor-version":[{"id":10458,"href":"https:\/\/www.santilariosulfarfa.com\/de\/wp-json\/wp\/v2\/pages\/4121\/revisions\/10458"}],"wp:attachment":[{"href":"https:\/\/www.santilariosulfarfa.com\/de\/wp-json\/wp\/v2\/media?parent=4121"}],"curies":[{"name":"wp","href":"https:\/\/api.w.org\/{rel}","templated":true}]}}