{"id":4114,"date":"2016-06-20T15:14:27","date_gmt":"2016-06-20T13:14:27","guid":{"rendered":"http:\/\/www.santilariosulfarfa.com\/de\/?page_id=4114"},"modified":"2016-06-20T15:14:27","modified_gmt":"2016-06-20T13:14:27","slug":"wandern-angeln-und","status":"publish","type":"page","link":"https:\/\/www.santilariosulfarfa.com\/de\/wandern-angeln-und\/","title":{"rendered":"Wandern, Angeln und &#8230;"},"content":{"rendered":"<div class=\"wpb-content-wrapper\">[vc_row][vc_column width=&#8221;1\/2&#8243;][vc_column_text]Im Sommer k\u00f6nnen Sie unser Schwimmbad, umgeben von Gr\u00fcn verwenden.<br \/>\nDie Nutzung des Pools ist in den Lebenshaltungskosten enthalten und es ist nur f\u00fcr G\u00e4ste des Hofes vorbehalten.<\/p>\n<p>F\u00fcr die Liebhaber von Wanderungen, organisieren wir Wanderungen mit oder ohne F\u00fchrer, von sehr leicht bis anspruchsvoller , auf Monti Lucretili, Sabini, Reatini (Monte Terminillo) und im Valle del Farfa Flusses. Im Juli und August, f\u00fcr die meisten ausgebildeten, schlagen wir den Abstieg in die Schluchten.<\/p>\n<p>Wenn Sie Radfahren genie\u00dfen, gibt es sch\u00f6ne Spazierg\u00e4nge entlang der Flusskan\u00e4le Farfa und der Tiber in der N\u00e4he des WWF Naturschutzgebiet &#8220;Tiber-Farfa&#8221;.<br \/>\nN\u00e4he, Tennispl\u00e4tze , Reitst\u00e4lle und Angelseen.[\/vc_column_text][\/vc_column][vc_column width=&#8221;1\/2&#8243;][vc_images_carousel images=&#8221;3853,3854,3855&#8243;][\/vc_column][\/vc_row]\n<\/div>","protected":false},"excerpt":{"rendered":"<p>[vc_row][vc_column width=&#8221;1\/2&#8243;][vc_column_text]Im Sommer k\u00f6nnen Sie unser Schwimmbad, umgeben von Gr\u00fcn verwenden. Die Nutzung des Pools ist in den Lebenshaltungskosten enthalten [&hellip;]<\/p>\n","protected":false},"author":1,"featured_media":0,"parent":0,"menu_order":0,"comment_status":"closed","ping_status":"closed","template":"","meta":{"footnotes":""},"class_list":["post-4114","page","type-page","status-publish","hentry"],"_links":{"self":[{"href":"https:\/\/www.santilariosulfarfa.com\/de\/wp-json\/wp\/v2\/pages\/4114","targetHints":{"allow":["GET"]}}],"collection":[{"href":"https:\/\/www.santilariosulfarfa.com\/de\/wp-json\/wp\/v2\/pages"}],"about":[{"href":"https:\/\/www.santilariosulfarfa.com\/de\/wp-json\/wp\/v2\/types\/page"}],"author":[{"embeddable":true,"href":"https:\/\/www.santilariosulfarfa.com\/de\/wp-json\/wp\/v2\/users\/1"}],"replies":[{"embeddable":true,"href":"https:\/\/www.santilariosulfarfa.com\/de\/wp-json\/wp\/v2\/comments?post=4114"}],"version-history":[{"count":1,"href":"https:\/\/www.santilariosulfarfa.com\/de\/wp-json\/wp\/v2\/pages\/4114\/revisions"}],"predecessor-version":[{"id":4115,"href":"https:\/\/www.santilariosulfarfa.com\/de\/wp-json\/wp\/v2\/pages\/4114\/revisions\/4115"}],"wp:attachment":[{"href":"https:\/\/www.santilariosulfarfa.com\/de\/wp-json\/wp\/v2\/media?parent=4114"}],"curies":[{"name":"wp","href":"https:\/\/api.w.org\/{rel}","templated":true}]}}