{"id":4107,"date":"2016-06-20T15:08:44","date_gmt":"2016-06-20T13:08:44","guid":{"rendered":"http:\/\/www.santilariosulfarfa.com\/de\/?page_id=4107"},"modified":"2016-06-20T15:08:44","modified_gmt":"2016-06-20T13:08:44","slug":"wochenenden-am-bauerhof","status":"publish","type":"page","link":"https:\/\/www.santilariosulfarfa.com\/de\/wochenenden-am-bauerhof\/","title":{"rendered":"Wochenenden am Bauerhof"},"content":{"rendered":"<div class=\"wpb-content-wrapper\">[vc_row][vc_column width=&#8221;1\/2&#8243;][vc_column_text]Verschiedene Hofst\u00e4tigkaiten f\u00fcr jede Saison.<br \/>\nZ.B., im Herbst (November und Dezember) gibt es die Weinlese und die Olivenernte am Bauerhof. Dann organisieren wir besondere Wochenenden (von Freitags Nachmittag bis Sonntags Nachmittag).<\/p>\n<p>Im Preis inbegriffen: \u00a02 \u00dcbernachtungen und 2 Fr\u00fchst\u00fccken, das Samstags Abendessen und das Sonntags Mittagessen).<\/p>\n<p>Unsere G\u00e4ste werden besichtigen unseren biologischen Olivehhain, eine traditionelle \u00d6lm\u00fchle und das Museum des Oliven\u00f6ls in Castelnuovo di Farfa.<\/p>\n<p>Spezialverkauf unseres biologischen Oliven\u00f6les![\/vc_column_text][\/vc_column][vc_column width=&#8221;1\/2&#8243;][vc_images_carousel images=&#8221;3917,3831,3832,3833,3834&#8243;][\/vc_column][\/vc_row]\n<\/div>","protected":false},"excerpt":{"rendered":"<p>[vc_row][vc_column width=&#8221;1\/2&#8243;][vc_column_text]Verschiedene Hofst\u00e4tigkaiten f\u00fcr jede Saison. Z.B., im Herbst (November und Dezember) gibt es die Weinlese und die Olivenernte am [&hellip;]<\/p>\n","protected":false},"author":1,"featured_media":0,"parent":0,"menu_order":0,"comment_status":"closed","ping_status":"closed","template":"","meta":{"footnotes":""},"class_list":["post-4107","page","type-page","status-publish","hentry"],"_links":{"self":[{"href":"https:\/\/www.santilariosulfarfa.com\/de\/wp-json\/wp\/v2\/pages\/4107","targetHints":{"allow":["GET"]}}],"collection":[{"href":"https:\/\/www.santilariosulfarfa.com\/de\/wp-json\/wp\/v2\/pages"}],"about":[{"href":"https:\/\/www.santilariosulfarfa.com\/de\/wp-json\/wp\/v2\/types\/page"}],"author":[{"embeddable":true,"href":"https:\/\/www.santilariosulfarfa.com\/de\/wp-json\/wp\/v2\/users\/1"}],"replies":[{"embeddable":true,"href":"https:\/\/www.santilariosulfarfa.com\/de\/wp-json\/wp\/v2\/comments?post=4107"}],"version-history":[{"count":1,"href":"https:\/\/www.santilariosulfarfa.com\/de\/wp-json\/wp\/v2\/pages\/4107\/revisions"}],"predecessor-version":[{"id":4108,"href":"https:\/\/www.santilariosulfarfa.com\/de\/wp-json\/wp\/v2\/pages\/4107\/revisions\/4108"}],"wp:attachment":[{"href":"https:\/\/www.santilariosulfarfa.com\/de\/wp-json\/wp\/v2\/media?parent=4107"}],"curies":[{"name":"wp","href":"https:\/\/api.w.org\/{rel}","templated":true}]}}