{"id":4100,"date":"2016-06-20T15:00:32","date_gmt":"2016-06-20T13:00:32","guid":{"rendered":"http:\/\/www.santilariosulfarfa.com\/de\/?page_id=4100"},"modified":"2016-06-20T15:00:32","modified_gmt":"2016-06-20T13:00:32","slug":"reserve-von-seen-lungo-und-ripasottile","status":"publish","type":"page","link":"https:\/\/www.santilariosulfarfa.com\/de\/reserve-von-seen-lungo-und-ripasottile\/","title":{"rendered":"Reserve von Seen Lungo und Ripasottile"},"content":{"rendered":"<p><img loading=\"lazy\" decoding=\"async\" class=\"size-full wp-image-3759 aligncenter\" src=\"http:\/\/www.santilariosulfarfa.com\/wp-content\/uploads\/2016\/05\/Riserva-laghi-lungo-e-ripasottile.jpg\" alt=\"Riserva-laghi-lungo-e-ripasottile\" width=\"1300\" height=\"867\" srcset=\"https:\/\/www.santilariosulfarfa.com\/wp-content\/uploads\/2016\/05\/Riserva-laghi-lungo-e-ripasottile.jpg 1300w, https:\/\/www.santilariosulfarfa.com\/wp-content\/uploads\/2016\/05\/Riserva-laghi-lungo-e-ripasottile-300x200.jpg 300w, https:\/\/www.santilariosulfarfa.com\/wp-content\/uploads\/2016\/05\/Riserva-laghi-lungo-e-ripasottile-768x512.jpg 768w, https:\/\/www.santilariosulfarfa.com\/wp-content\/uploads\/2016\/05\/Riserva-laghi-lungo-e-ripasottile-1024x683.jpg 1024w\" sizes=\"auto, (max-width: 1300px) 100vw, 1300px\" \/><\/p>\n<p>Die Wechself\u00e4lle des Gebiets, die in der Teilnaturschutzgebiet von Seen und entlang Ripasottile beziehen sich auf sehr entfernten Epoche.<br \/>\nW\u00e4hrend des Pleistoz\u00e4ns, die erste der beiden geologischen Perioden des Quart\u00e4rs oder Neozoic durch das Auftreten des Menschen charakterisiert und die gro\u00dfe Entwicklung des Eises an einem gewissen Stadium der Zeit war die Rieti Ebene tats\u00e4chlich ein gro\u00dfer See, entstanden einige Reliefs, kleine Inseln jener fernen Zeit.<\/p>\n<p>Und &#8220;es ist bekannt (durch eingehende Studien \u00fcber ihre spezifischen Thema), dass der Fluss Velino, mit einem Travertin Barriere entstand aus ihrer besonders reichen Gew\u00e4ssern von Kalkstein, spielte eine Schl\u00fcsselrolle bei der Entstehung des alten Sees.<br \/>\nDie Kaution Aktie, an der Einm\u00fcndung des Black River, (von der Velino im Ort nicht durchgef\u00fchrt, \u00fcberraschend genannt Marmore), sowie die kontinuierliche und massive erosive Aktivit\u00e4t des Schwarzen, f\u00fchrte zur Differenzierung der Ebene entsprechend mehr oder weniger die gegenw\u00e4rtige Situation in der N\u00e4he von Marmore.<br \/>\nAlso f\u00fcr eine gewisse Zeit bildete der Travertin Damm eine Art Damm und die nat\u00fcrliche Erweiterung des gro\u00dfen Sees im Rieti Tal erlaubt. So wurde die Lacus Velinus geboren oft von den alten Klassikern zitiert.<\/p>\n<p>In diesem Stadium k\u00f6nnen Sie die maximale Ausdehnung definieren, sp\u00e4ter gefolgt von der Er\u00f6ffnung eines nat\u00fcrlichen L\u00fccke gekennzeichnet durch die ein Teil des Wassers von Lacus Velinus defluivano, die auf diese Weise gesenkt, mit der Bildung von Grundst\u00fccken und sumpfig.<br \/>\nIn dieser Zeit ist es daher durch einen See Velino historischen charakterisiert, wie es definiert wurde, die perilacustri Siedlungen durch am Ende der Bronzezeit und der fr\u00fchen Eisenzeit, die vor allem in der Umgebung gefunden wurden neben Piediluco, arch\u00e4ologische Funde.<\/p>\n<p>Bis III A. C. Jahrhundert, hat der See Velino keine \u00c4nderungen unterziehen; so die Historiker sollten in Manlius Curio Dentato die Rieti Conca von Ausgrabungen in der Ortschaft F\u00e4lle Reinigung, wie Cicero (Bei Epis. Att. IV, 15) berichtet, w\u00e4hrend andere klassische Autoren wie Plinius, zitiere nicht Manlius Curio verzahnt, aber noch erinnern sie die \u00d6ffnung des Steinbruchs in Marmore und den Abfluss des Sees Wasser in die Nera. In der Praxis so kam es, dass die alte Lacus Velinus zur\u00fcckgezogen wurden viele entstanden L\u00e4nder und Gew\u00e4sser Teiche reduziert, die zum See Piediluco, Ventina, Ripasottile, Lang, Fogliano und andere kleinere im Zusammenhang mit aktuellen Klingen entsprechen w\u00fcrde.<\/p>\n<p>Zu diesem R\u00fcckgang der beliebten Seen entsprach einen deutlichen Schub f\u00fcr die menschliche Aktivit\u00e4ten, so dass die gleiche Caesar in 59 v.Chr. .. Verk\u00fcndet spezielle Agrarmodell Regeln. Varro, De in seinem Werk &#8220;rustico` erneut behandelt Aspekte agronomischen und Viehzucht Umwelt vor allem die Rieti Ebene, wie Cicero selbst positive Einsch\u00e4tzungen der Fl\u00e4chen im l\u00e4ndlichen Raum Rieti ausgedr\u00fcckt, sie zu den am meisten fruchtbaren aller zu vergleichen. Auch die Fischerei war in diesen sehr wichtigen Zeiten. in diesem Sinne dr\u00fcckt es Columella.<br \/>\nDann betrachtet die Geschichte der Orte, zu einem gewissen Grad die gleiche Abtei von Farfa, der Eigent\u00fcmer eines Teils und dem See wurde.<\/p>\n<p>Die Situation in Bezug auf den Status der Gew\u00e4sser nicht konstant \u00fcber die Jahrhunderte geblieben; so Verschlammung Ph\u00e4nomen erlebte eine Steigerung, um den zehnten und vierzehnten Jahrhundert, die sich stark abwertenden Sinn ge\u00e4ndert wurden, vor allem wegen der Malaria, Umwelt- und Geh\u00e4useeigenschaften des Territoriums.<br \/>\nEs ist sicher, dass die Landschaft der Ebene im Laufe der Jahrhunderte hat sich in Abh\u00e4ngigkeit von ihrer sp\u00e4teren St\u00f6\u00dfe stark ver\u00e4ndert oder f\u00e4llt in Wasserstand, Und &#8220;interessant zu erinnern, unter anderem Ereignisse eines bestimmten historischen Interesse, die Abwicklung im Rahmen des Territoriums in Frage, die Zisterzienser-M\u00f6nche von San Pastore im zw\u00f6lften Jahrhundert. Es ist wahr, dass die gleichen M\u00f6nche im Jahre 1234 ich die Erlaubnis, in einem ges\u00fcnderen Ort f\u00fcr den Wiederaufbau gefragt anderswo, das Kloster. Es muss in der Mitte des dreizehnten Jahrhunderts kommen, weil sie die Notwendigkeit bekr\u00e4ftigt erneut den Bezirk zu ribonificare.<\/p>\n<p>Eine wichtige Rolle in den Kanal Reinigung, im Auftrag von Manius Curius Dentatus, von der Abtei von Farfa getragen wurde, charakterisiert der Besitzer in dieser Zeit viel von diesem territorio.Il See Velino damit so viel die Rieti klar, dass die Verbindungen zwischen den verschiedenen Standorten<\/p>\n<p>See Velino gekennzeichnet dadurch so sehr die Rieti Ebene, die die Verbindungen zwischen den verschiedenen Standorten oft stattfand mit dem Boot, wie die Zeugnisse der Zeit Stress. Das gleiche St. Francis, nach den Traditionen und so weit wie wir der Biograph Thomas von Celano, f\u00fcr ihre Reisen das Boot genutzt und sogar gerettet Menschen aus dem gro\u00dfen See. Die Situation um den Wasserstand in Bezug auf nicht wesentlich bis zum f\u00fcnfzehnten Jahrhundert \u00e4ndern. Unter der Herrschaft von Fortinbras Arm, um das Wasser abzulassen, grub er einen neuen Kanal, bevor Reatino genannt und dann Gregorian, dessen Bau im Jahre 1422 abgeschlossen wurde.<\/p>\n<p>In der Tat erreicht die bescheidenen Ergebnisse gegeben, \u00e4ndert sich die Situation nicht viel, so dass die Interventionen wird auch mit dem Engagement von bedeutenden Pers\u00f6nlichkeiten wie dem Architekten Antonio da Sangallo, der gelangweilt die so genannte &#8220;Poolino` Cova. Ein Papst gelungen Clemens VIII im Jahre 1596 sollte es der Beginn dieser Arbeitspl\u00e4tze sein, dass dank der &#8220;Cava Clementina&#8221; (eigentlich eine R\u00fcckkehr in die Ausgrabung des ersten curlano Kanal), um das Wasser zu mehr tragen mussten oder weniger die gegenw\u00e4rtige Situation. Zwangsl\u00e4ufig \u00fcber die Jahrhunderte der Geschichte dieses Sees wurde politischen, wirtschaftlichen und sozialen Geschichte seiner schwierigen Beziehung mit dem Mann: die Sabiner, die R\u00f6mer, die Zisterzienser S.Pastore, die P\u00e4pste, eine ganze Reihe von ber\u00fchmten Architekten wurden seit Jahrhunderten besch\u00e4ftigt das Problem der agro Rieti: Fischteiche oder fruchtbare Ebene?<\/p>\n<p>Viele Jahrhunderte der Landgewinnung und f\u00fchrte nur zu einer teilweisen und vor\u00fcbergehende L\u00f6sung. Sie m\u00fcssen die 30er Jahre warten, wenn der Bau des S.Susanna-Kanal, der die vielen Gew\u00e4sser der gleichnamigen Quelle direkt in den Fluss Velino vermittelt, und verbindet die beiden Seen mit einem k\u00fcnstlichen Kanal (Vergara), und mit der Schaffung von eine Sch\u00f6pfhebeanlage in See Ripasottile, die Wasser\u00fcberschuss \u00fcber~~POS=TRUNC in den angrenzenden Fluss Velino, um zu sehen, das Problem der regimazione den Wasserstand im untersten Teil des Tales \u00fcber Rieti gel\u00f6st. ln der letzten Zeit mit dem Projekt von Rimini, es wurde abgewickelt endg\u00fcltig die Str\u00f6mung des Flusses Velino die Gew\u00e4sser seiner wichtigsten Zufl\u00fcsse Salto und Turano in Gebirgsstauseen speichern, durch den Bau von D\u00e4mmen gebildet.<\/p>\n<p>Die Verbesserung der Gesundheit der besonderen Umgebungsbedingungen f\u00fchrte seit dem Ende des &#8216;700 zu einem deutlichen Schub Anthropisierung des Territoriums, die nun mit der Einrichtung der Reserve, ist die F\u00e4higkeit, von Zukunft, dass Manipulationen gesch\u00fctzt werden k\u00f6nnte eine au\u00dfergew\u00f6hnliche Umgebung st\u00f6ren von einer naturalistischen Sicht, sondern auch besonders stark von Menschen im Laufe der Geschichte getroffen. Nebel stagniert in der Ebene von Rieti Ansicht von Terminillo. Das Bild gibt eine Vorstellung davon, wie w\u00e4hrend I&#8217;olocene See Velino kleine H\u00fcgel (Monte Isola, San Balduino, San Pastore) abstehenden aus dem Nebel stellen die alten Sees Inseln auftreten sollte.<\/p>\n<p>Die Einrichtung von RESERVE<br \/>\nDie Einrichtung des Teilnaturschutzgebiet von Seen Lungo und Ripasottile ist eine Tatsache, von au\u00dferordentlicher Bedeutung, die bis 1985 zur\u00fcck, als es im Juni ein besonderes regionales Gesetz erlassen wurde, die Nummer 94, die auch die Verwaltung dieser Reserve an ein Konsortium der Gemeinden Cantalice, Colli sul Velino, Contigliano, Poggio Bustone, Rivodutri, Rieti, die Berggemeinde Montepiano Rieti, 5. Zone beauftragt.<\/p>\n<p>Da es immer unter diesen Umst\u00e4nden geschieht, genommen der Weg am endg\u00fcltigen Ergebnis zu kommen ist positiv, jedoch schwierig gewesen, voller Hindernisse. Tats\u00e4chlich ist die nat\u00fcrliche und wissenschaftliche Wert des Gebietes nun in der Reserve aufgenommen wurde mehrfach unterstrichen: 1971 von der italienischen botanischen Gesellschaft &#8211; Naturschutz-Gruppe -, die die Seen in der &#8220;Volksz\u00e4hlung der Biotope von Interesse in Italien verdient Vegetation Erhaltung&#8221; eingef\u00fcgt; 1973 von C.N.R. das umfasst das Gebiet der Seen in der &#8220;Kartographie der Gebiete von besonderem \u00f6kologischen Wert des Lazio&#8221;, als Ergebnis einer Vielzahl von geologischen und zoologischen und botanischen Studien, die von der Universit\u00e4t Rom, L&#8217;Aquila, Camerino; und schlie\u00dflich von den Studenten der Universit\u00e4t Essen (Deutschland), die im Jahr 1985 unter der Leitung von Professor Peter Kramer (verantwortlich f\u00fcr den WWF International Erhaltung &#8211; IUCN) hat eine interdisziplin\u00e4re Studie \u00fcber das gesamte Gebiet der Reserve und dem See Zwanzig Hervorhebung nicht nur die Funktionen, die bereits beschrieben, jedoch unter Hinweis darauf, Tier- und Pflanzenarten von gro\u00dfem Interesse jemals zuvor berichtet. in der Tat f\u00fcr eine lange Zeit die Gefahr, der unterschiedlich von der Reserve Philosophie verwendet Seen hat sich seit den 70er Jahren wurde abzeichnenden.<\/p>\n","protected":false},"excerpt":{"rendered":"<p>Die Wechself\u00e4lle des Gebiets, die in der Teilnaturschutzgebiet von Seen und entlang Ripasottile beziehen sich auf sehr entfernten Epoche. W\u00e4hrend [&hellip;]<\/p>\n","protected":false},"author":1,"featured_media":0,"parent":0,"menu_order":0,"comment_status":"closed","ping_status":"closed","template":"page-templates\/page-right.php","meta":{"footnotes":""},"class_list":["post-4100","page","type-page","status-publish","hentry"],"_links":{"self":[{"href":"https:\/\/www.santilariosulfarfa.com\/de\/wp-json\/wp\/v2\/pages\/4100","targetHints":{"allow":["GET"]}}],"collection":[{"href":"https:\/\/www.santilariosulfarfa.com\/de\/wp-json\/wp\/v2\/pages"}],"about":[{"href":"https:\/\/www.santilariosulfarfa.com\/de\/wp-json\/wp\/v2\/types\/page"}],"author":[{"embeddable":true,"href":"https:\/\/www.santilariosulfarfa.com\/de\/wp-json\/wp\/v2\/users\/1"}],"replies":[{"embeddable":true,"href":"https:\/\/www.santilariosulfarfa.com\/de\/wp-json\/wp\/v2\/comments?post=4100"}],"version-history":[{"count":1,"href":"https:\/\/www.santilariosulfarfa.com\/de\/wp-json\/wp\/v2\/pages\/4100\/revisions"}],"predecessor-version":[{"id":4101,"href":"https:\/\/www.santilariosulfarfa.com\/de\/wp-json\/wp\/v2\/pages\/4100\/revisions\/4101"}],"wp:attachment":[{"href":"https:\/\/www.santilariosulfarfa.com\/de\/wp-json\/wp\/v2\/media?parent=4100"}],"curies":[{"name":"wp","href":"https:\/\/api.w.org\/{rel}","templated":true}]}}