{"id":4088,"date":"2016-06-20T14:48:52","date_gmt":"2016-06-20T12:48:52","guid":{"rendered":"http:\/\/www.santilariosulfarfa.com\/de\/?page_id=4088"},"modified":"2025-12-10T11:14:42","modified_gmt":"2025-12-10T10:14:42","slug":"regulierung","status":"publish","type":"page","link":"https:\/\/www.santilariosulfarfa.com\/de\/regulierung\/","title":{"rendered":"Regulierung"},"content":{"rendered":"<div class=\"wpb-content-wrapper\">[vc_row][vc_column width=&#8221;1\/2&#8243;][vc_column_text css=&#8221;&#8221;]Bei der Buchung kann eine Anzahlung per Bank\u00fcberweisung verlangt werden.<\/p>\n<p>Der Restbetrag ist bei Ankunft zu begleichen.<\/p>\n<p><strong>CHECK IN UND\u00a0CHECK OUT<br \/>\n<\/strong>Check-in: Zimmer von 14:00 bis 21:00 Uhr<br \/>\nApartments von 15:00 bis 21:00 Uhr<br \/>\nCheck-out: bis 10:30 Uhr<br \/>\n(abweichende Vereinbarungen sind nach Absprache m\u00f6glich)[\/vc_column_text][\/vc_column][vc_column width=&#8221;1\/2&#8243;][vc_column_text css=&#8221;&#8221;]<strong>REGELN ZU BEACHTEN<\/strong><br \/>\nRauchen ist in geschlossenen R\u00e4umen nicht gestattet.<\/p>\n<p><strong>SCHWIMMBAD<\/strong><br \/>\nEs ist verpflichtend, die \u00fcblichen Verhaltensregeln einzuhalten und sicherzustellen, dass auch die eigenen Kinder diese respektieren. Die Nutzung von Schwimmhilfen jeglicher Art und B\u00e4llen ist aus R\u00fccksicht auf andere G\u00e4ste verboten. Das Pool ist ausschlie\u00dflich f\u00fcr die G\u00e4ste des Landguts bestimmt.<\/p>\n<p><strong>TIERE<\/strong><br \/>\nHunde sind je nach Verf\u00fcgbarkeit erlaubt, sie m\u00fcssen in jeden Fall gut erzogen sein und an der Leine gef\u00fchrt werden.[\/vc_column_text][\/vc_column][\/vc_row][vc_row css=&#8221;.vc_custom_1463416856313{margin-bottom: -130px !important;}&#8221;][vc_column][\/vc_column][\/vc_row]\n<\/div>","protected":false},"excerpt":{"rendered":"<p>[vc_row][vc_column width=&#8221;1\/2&#8243;][vc_column_text css=&#8221;&#8221;]Bei der Buchung kann eine Anzahlung per Bank\u00fcberweisung verlangt werden. Der Restbetrag ist bei Ankunft zu begleichen. CHECK [&hellip;]<\/p>\n","protected":false},"author":1,"featured_media":0,"parent":0,"menu_order":0,"comment_status":"closed","ping_status":"closed","template":"","meta":{"footnotes":""},"class_list":["post-4088","page","type-page","status-publish","hentry"],"_links":{"self":[{"href":"https:\/\/www.santilariosulfarfa.com\/de\/wp-json\/wp\/v2\/pages\/4088","targetHints":{"allow":["GET"]}}],"collection":[{"href":"https:\/\/www.santilariosulfarfa.com\/de\/wp-json\/wp\/v2\/pages"}],"about":[{"href":"https:\/\/www.santilariosulfarfa.com\/de\/wp-json\/wp\/v2\/types\/page"}],"author":[{"embeddable":true,"href":"https:\/\/www.santilariosulfarfa.com\/de\/wp-json\/wp\/v2\/users\/1"}],"replies":[{"embeddable":true,"href":"https:\/\/www.santilariosulfarfa.com\/de\/wp-json\/wp\/v2\/comments?post=4088"}],"version-history":[{"count":7,"href":"https:\/\/www.santilariosulfarfa.com\/de\/wp-json\/wp\/v2\/pages\/4088\/revisions"}],"predecessor-version":[{"id":10541,"href":"https:\/\/www.santilariosulfarfa.com\/de\/wp-json\/wp\/v2\/pages\/4088\/revisions\/10541"}],"wp:attachment":[{"href":"https:\/\/www.santilariosulfarfa.com\/de\/wp-json\/wp\/v2\/media?parent=4088"}],"curies":[{"name":"wp","href":"https:\/\/api.w.org\/{rel}","templated":true}]}}