{"id":4079,"date":"2016-06-20T12:48:52","date_gmt":"2016-06-20T10:48:52","guid":{"rendered":"http:\/\/www.santilariosulfarfa.com\/de\/?page_id=4079"},"modified":"2025-12-10T11:12:36","modified_gmt":"2025-12-10T10:12:36","slug":"preise","status":"publish","type":"page","link":"https:\/\/www.santilariosulfarfa.com\/de\/preise\/","title":{"rendered":"Preise"},"content":{"rendered":"<div class=\"wpb-content-wrapper\">[vc_row css=&#8221;.vc_custom_1463414182241{margin-bottom: -150px !important;}&#8221;][vc_column][vc_column_text]\n<h3 style=\"text-align: center;\">ZIMMERPREISE<\/h3>\n[\/vc_column_text][vc_column_text css=&#8221;&#8221;]\n<table class=\"table table-responsive\">\n<tbody>\n<tr>\n<td class=\"text-left\"><\/td>\n<td class=\"text-right\" style=\"text-align: center;\"><strong>Zwischensaison<\/strong><br \/>\n(von Januar bis Mai,<br \/>\nNovember und Dezember)<\/td>\n<td class=\"text-right\" style=\"text-align: center;\"><strong>Hochsaison<\/strong><br \/>\n(von Juni bis Oktober)<\/td>\n<\/tr>\n<tr>\n<td class=\"text-left\">Einzelzimmer\u00a0B&amp;B<\/td>\n<td class=\"text-right\" style=\"text-align: center;\">\u00a0\u20ac 55<\/td>\n<td class=\"text-right\" style=\"text-align: center;\">\u00a0\u20ac 65<\/td>\n<\/tr>\n<tr>\n<td class=\"text-left\">Doppelzimmer B&amp;B<\/td>\n<td class=\"text-right\" style=\"text-align: center;\">\u00a0\u20ac 100<\/td>\n<td class=\"text-right\" style=\"text-align: center;\">\u00a0\u20ac 120<\/td>\n<\/tr>\n<tr>\n<td class=\"text-left\">Mahlzeit (pro Person) 25\/30 \u20ac &#8211; Getr\u00e4nke nicht inbegriffen<\/td>\n<td class=\"text-right\" style=\"text-align: center;\"><\/td>\n<td class=\"text-right\" style=\"text-align: center;\"><\/td>\n<\/tr>\n<tr>\n<td class=\"text-left\" colspan=\"4\"><em>Die Zimmer sind ausgestattet mit eigenem Bad, Fernseher, K\u00fchlschrank, Heizung, Klimaanlage und WLAN in dem Gemeinschaftsbereichen.<\/em><br \/>\n<em>Im Preis inbegriffen sind die t\u00e4gliche Zimmerreinigung und die Nutzung des Schwimmbads.<\/em><br \/>\n<em>In den Wintermonaten ist die Heizung bis zu maximal 8 Stunden pro Tag im Zimmerpreis enthalten. Die Zimmer stehen ab 14:000 Uhr zu Verf\u00fcgung.<\/em><\/td>\n<\/tr>\n<\/tbody>\n<\/table>\n[\/vc_column_text][\/vc_column][\/vc_row][vc_row css=&#8221;.vc_custom_1463414166536{margin-bottom: -150px !important;}&#8221;][vc_column][vc_column_text]\n<h3 style=\"text-align: center;\">Wohnungspreise<\/h3>\n[\/vc_column_text][vc_column_text css=&#8221;&#8221;]\n<table class=\"table table-responsive\">\n<tbody>\n<tr>\n<td class=\"text-left\"><\/td>\n<td class=\"text-right\" style=\"text-align: center;\"><strong>Zwischensaison<\/strong><br \/>\n(von Januar bis Mai,<br \/>\nNovember und Dezember)<\/td>\n<td class=\"text-right\" style=\"text-align: center;\"><strong>Hochsaison<\/strong><br \/>\n(von Juni bis Oktober)<\/td>\n<\/tr>\n<tr>\n<td class=\"text-left\">Wohnung 2-3 Personen<\/td>\n<td class=\"text-right\" style=\"text-align: center;\">\u00a0\u20ac 700<\/td>\n<td class=\"text-right\" style=\"text-align: center;\">\u00a0\u20ac 900<\/td>\n<\/tr>\n<tr>\n<td class=\"text-left\">Wohnung 4\u00a0Personen<\/td>\n<td class=\"text-right\" style=\"text-align: center;\">\u00a0\u20ac 900<\/td>\n<td class=\"text-right\" style=\"text-align: center;\">\u00a0\u20ac 1.100<\/td>\n<\/tr>\n<tr>\n<td class=\"text-left\">Wohnung 4-6\u00a0Personen<\/td>\n<td class=\"text-right\" style=\"text-align: center;\">\u00a0\u20ac 1.050<\/td>\n<td class=\"text-right\" style=\"text-align: center;\">\u00a0\u20ac 1.250<\/td>\n<\/tr>\n<tr>\n<td class=\"text-left\" colspan=\"4\"><em>Die Preise der Apartments versehen sich pro Woche, f\u00fcr die Endreinigung f\u00e4llt ein Aufpreis von 60 Euro an. Die Apartments sind mit Klimaanlage ausgestattet (f\u00fcr die Heizung f\u00e4llt ein Aufpreis an) und stehen ab 15:00 Uhr zur Verf\u00fcgung.<\/em><\/td>\n<\/tr>\n<\/tbody>\n<\/table>\n[\/vc_column_text][\/vc_column][\/vc_row][vc_row][vc_column][vc_column_text]\n<h3 style=\"text-align: center;\">Kinder<\/h3>\n[\/vc_column_text][vc_column_text css=&#8221;&#8221;]\n<table class=\"table table-responsive\">\n<tbody>\n<tr>\n<td class=\"text-left\">Kinder von 0 bis 2 Jahren<\/td>\n<td class=\"text-right\" style=\"text-align: center;\" colspan=\"3\">Verbrauch<\/td>\n<\/tr>\n<tr>\n<td class=\"text-left\">Kinder bis 6 Jahre<\/td>\n<td class=\"text-right\" style=\"text-align: center;\" colspan=\"3\">50% Erm\u00e4\u00dfigung auf Unterkunft im Zimmer der Eltern<\/td>\n<\/tr>\n<tr>\n<td class=\"text-left\">Kinder im Alter von 6 bis 12 Jahre<\/td>\n<td class=\"text-right\" style=\"text-align: center;\" colspan=\"3\">30% Erm\u00e4\u00dfigung auf Unterkunft im Zimmer der Eltern<\/td>\n<\/tr>\n<tr>\n<td class=\"text-left\" style=\"text-align: center;\" colspan=\"4\"><\/td>\n<\/tr>\n<\/tbody>\n<\/table>\n<p><span class=\"s2\">Die obengenannten Preise gelten nicht an Ostern, Weinachten und Neujahr. Feiertagsbr\u00fccken werden zur Hochsaison gerechnet. <\/span><span class=\"s2\">Bitte erkundigen Sie sich.<\/span><\/p>\n<p><span class=\"s2\">Wochenendangebot: Verl\u00e4ngerung des Aufenthalts bis Sonntag um 18:00 Uhr, f\u00fcr 25 Euro pro Person.<\/span><\/p>\n<p><span class=\"s2\">Hunde sind je nach Verf\u00fcgbarkeit und gegen Aufpreis erlaubt.<\/span>[\/vc_column_text][\/vc_column][\/vc_row]\n<\/div>","protected":false},"excerpt":{"rendered":"<p>[vc_row css=&#8221;.vc_custom_1463414182241{margin-bottom: -150px !important;}&#8221;][vc_column][vc_column_text] ZIMMERPREISE [\/vc_column_text][vc_column_text css=&#8221;&#8221;] Zwischensaison (von Januar bis Mai, November und Dezember) Hochsaison (von Juni bis Oktober) [&hellip;]<\/p>\n","protected":false},"author":1,"featured_media":0,"parent":0,"menu_order":0,"comment_status":"closed","ping_status":"closed","template":"","meta":{"footnotes":""},"class_list":["post-4079","page","type-page","status-publish","hentry"],"_links":{"self":[{"href":"https:\/\/www.santilariosulfarfa.com\/de\/wp-json\/wp\/v2\/pages\/4079","targetHints":{"allow":["GET"]}}],"collection":[{"href":"https:\/\/www.santilariosulfarfa.com\/de\/wp-json\/wp\/v2\/pages"}],"about":[{"href":"https:\/\/www.santilariosulfarfa.com\/de\/wp-json\/wp\/v2\/types\/page"}],"author":[{"embeddable":true,"href":"https:\/\/www.santilariosulfarfa.com\/de\/wp-json\/wp\/v2\/users\/1"}],"replies":[{"embeddable":true,"href":"https:\/\/www.santilariosulfarfa.com\/de\/wp-json\/wp\/v2\/comments?post=4079"}],"version-history":[{"count":13,"href":"https:\/\/www.santilariosulfarfa.com\/de\/wp-json\/wp\/v2\/pages\/4079\/revisions"}],"predecessor-version":[{"id":10539,"href":"https:\/\/www.santilariosulfarfa.com\/de\/wp-json\/wp\/v2\/pages\/4079\/revisions\/10539"}],"wp:attachment":[{"href":"https:\/\/www.santilariosulfarfa.com\/de\/wp-json\/wp\/v2\/media?parent=4079"}],"curies":[{"name":"wp","href":"https:\/\/api.w.org\/{rel}","templated":true}]}}