{"id":4066,"date":"2016-06-20T11:05:30","date_gmt":"2016-06-20T09:05:30","guid":{"rendered":"http:\/\/www.santilariosulfarfa.com\/de\/?page_id=4066"},"modified":"2016-06-22T14:33:36","modified_gmt":"2016-06-22T12:33:36","slug":"terminillo-berg","status":"publish","type":"page","link":"https:\/\/www.santilariosulfarfa.com\/de\/terminillo-berg\/","title":{"rendered":"Terminillo berg"},"content":{"rendered":"<p><img loading=\"lazy\" decoding=\"async\" class=\"size-full wp-image-3781 aligncenter\" src=\"http:\/\/www.santilariosulfarfa.com\/wp-content\/uploads\/2016\/05\/5277078.jpg\" alt=\"5277078\" width=\"1000\" height=\"666\" srcset=\"https:\/\/www.santilariosulfarfa.com\/wp-content\/uploads\/2016\/05\/5277078.jpg 1000w, https:\/\/www.santilariosulfarfa.com\/wp-content\/uploads\/2016\/05\/5277078-300x200.jpg 300w, https:\/\/www.santilariosulfarfa.com\/wp-content\/uploads\/2016\/05\/5277078-768x511.jpg 768w\" sizes=\"auto, (max-width: 1000px) 100vw, 1000px\" \/><\/p>\n<p>Der Terminillo wurde nach einem Besuch von Benito Mussolini in den drei\u00dfig Jahren f\u00fcr Touristen ins Leben gerufen, dass er &#8220;von der Sch\u00f6nheit des Gebirges beeindruckt.&#8221; Es wurde somit eine breite Stra\u00dfe von Lisciano Pian De &#8216;Rosce anschlie\u00dfend bis Terminillo (State Road 4a von Terminillo), w\u00e4hrend in den zwanziger Jahren abgeschlossen realisiert Terminillo nur zu Fu\u00df erreicht werden kann oder auf dem Pferder\u00fccken durch Wanderwege. In den drei\u00dfiger Jahren, dann startet er den Tourismus-Boom mit den ersten ausgestatteten Skipisten. Im Jahre 1940 er mit der Seilbahn gemacht wurde, noch existiert es.<\/p>\n<p>Von den f\u00fcnfziger Jahren zum Terminillo Skigebiet siebziger Jahre ist die Referenz aller Mittelitalien. In dieser Zeit wird es zu einem Treffpunkt der &#8220;guten Roma&#8221;: Sie Politiker wie Togliatti und Nilde Jotti bleiben, dem Premierminister Giuseppe Pella, usw. Sie waren regelm\u00e4\u00dfige Besucher Exponenten des Kinos als Gino Cervi, Ugo Tognazzi, Vittorio Gassman (hier lernte er seine zweite Frau Dorothy), Marcello Mastroianni, Jean Sorel, Gina Lollobrigida (hier im Jahr 1949 verheiratet Mirko Skofic), Bice Werte, Paul Flake, Antonello Falqui, Luciano Enner, Giuliano Gemma, Raf Vallone, Massimo Girotti, Rossana Podesta, Eleonora Rossi Drago, Bruno Modugno, Carla Del Poggio, Anna Maria Ferrero, Marina Vlady Versois, Tina Pica, Luigi Zampa (wer hier das Drehbuch des perfektioniert Arzt vor Ort) und Eduardo De Filippo (der die Weihnachtsferien mit der Familie zu verbringen verwendet direkt hier am Morgen von 5, Januar 1960 Luisella ihre Tochter starb nur zehn Jahren zu einer Gehirnblutung). Terminillo, sowohl f\u00fcr das \u00c4u\u00dfere und das Innere des Hotels, wurde das Set f\u00fcr die Dreharbeiten von vielen Filmen, darunter den Fehler, am Leben zu sein (1945), Luxus Maidens (1952), Endless Love (1958), die Tante von Amerika geht Skifahren (1958), das j\u00fcngste Gericht (1961), lassen Sie uns \u00fcber Frauen (1964) sprechen.<\/p>\n<p>Die achtziger und neunziger Jahre, wegen des Mangels an Investitionen, um die Aufz\u00fcge zu renovieren, modernisieren und zu erweitern, Terminillo auch durch eine Krise aufgrund der erh\u00f6hten Wettbewerb der Abruzzen-Stationen gehen, werden pl\u00f6tzlich n\u00e4her an Rom nach dem Bau die A24.<\/p>\n<p>In den letzten 20 Jahren haben sich die Pflanzen reduziert worden, aber die Region Latium verf\u00fcgt \u00fcber 20 Millionen Euro f\u00fcr die Erneuerung und Erh\u00f6hung der Skianlagen zugeordnet, aber die Region selbst hat im September 2015 den Projekt T.S.M. abgelehnt (Terminillo Station Montana), die stattdessen eine 100% Zustimmung der Gemeinden im Landkreis gesehen hatte und enthielt sowohl die Modernisierung der Anlage f\u00fcr den Bau von neuen angelegten Wege und neue Unterk\u00fcnfte, sowie die Vereinigung der Westseite mit dem leonessano (est ). Derzeit (im Februar 2016) ist eine Debatte zwischen den Bef\u00fcrwortern TSM-Projekt und den Technikern der Region Latium, um sicherzustellen, dass das Projekt genehmigt werden, wenn auch teilweise modifiziert.<\/p>\n<p>Die N\u00e4he zur Hauptstadt ist gemeint, dass umgangssprachlich bezeichnet als &#8220;Berg der R\u00f6mer&#8221;: Touristen aus der Hauptstadt wird in der Tat oft h\u00e4ufig die Pisten; Auch kann der Name auch durch die Tatsache erkl\u00e4rt werden, dass, im Gegensatz zu den anderen Gipfeln \u00fcber 2000 Meter von den zentralen Apenninen, die Terminillo von Rom oft sichtbar ist, vor allem an klaren Wintertagen, in denen erscheint die gesamte schneebedeckten Berg.<\/p>\n<p>Aus geologischer und geomorphologischen Sicht ist es eine ganz gro\u00dfe Kalksteinmassiv (Umfang von fast 70 km), fast freistehend und von anderen Bergen der Zentralgruppen isoliert, in der Regel Apennin Bezug auf Geomorphologie (nie zu hart, aber immer noch geteilt) und wie f\u00fcr Flora und Fauna.<\/p>\n<p>Der s\u00fcdliche Hang, der die Ebene von Rieti, viel vom Menschen verursachten Blick und f\u00fcr den Tourismus genutzt, in gr\u00f6\u00dferer H\u00f6he ist als der n\u00f6rdliche, robuster, wild und intakt ist, auf dem Plateau von Leonessa suchen. Er f\u00e4hrt die westlichste der zentralen Grat, der im S\u00fcd-Osten in die nahegelegenen Berge Cicolano aufgepfropft wird, dann folgen Sie den Monti Carseolani und Simbruinis und so weiter, wie Sie S\u00fcd-Ost entlang der Haupt Apennin Wasserscheide Kopf oder aufgepfropfte Mittelsteg des zentralen Bergkette mit dem Monte Nuria, die Berge von der Herzogin und dem Velino-Sirente.<\/p>\n<p>Das Massiv des Terminillo besteht aus mehreren Gipfeln \u00fcber 2000 Meter (den Gipfel des Terminillo, Monte Terminilletto (2108 m), der Cresta Sassetelli (2139 m), Berg Elephant (2015 m), Monte di Cambio (2081 m )) und die andere in tieferen Lagen (Monte Terminilluccio (1864 m), Monte Macchialaveta (1824), Monte Tilia (1775 m), Monte Corno (1735 m), der Tafelberg (1696 m), Cima d&#8217;Arme (1678 m ), Monte Rosato (1504 m)) und auf jeder Seite durch breite und tiefe T\u00e4ler gekennzeichnet, die die orographisch Grenzen und trennen es von anderen kleinen Bergketten bestimmen, die sie (die Berge von Cantalice und Poggio Bustone und Rivodutri Morro umgeben Rieti). Unter diesen T\u00e4lern stehen sie als nat\u00fcrliches Interesse heraus, die Vallonina Lioness gleichnamigen Sella di Leonessa f\u00fchrt, die Ravara und Cape Scura T\u00e4ler, die statt in den Fluss Velino und der alten konsularischen Salaria absteigen. Auf der gegen\u00fcberliegenden Seite sind die T\u00e4ler der H\u00f6lle und Engel, die in Richtung der Ebene von Rieti und die Berge von Cantalice absteigen. Bis Mitte Berg Quoten (1600-1800 m) wird es durch W\u00e4lder auf allen Seiten bedeckt.<\/p>\n","protected":false},"excerpt":{"rendered":"<p>Der Terminillo wurde nach einem Besuch von Benito Mussolini in den drei\u00dfig Jahren f\u00fcr Touristen ins Leben gerufen, dass er [&hellip;]<\/p>\n","protected":false},"author":1,"featured_media":0,"parent":0,"menu_order":0,"comment_status":"closed","ping_status":"closed","template":"page-templates\/page-right.php","meta":{"footnotes":""},"class_list":["post-4066","page","type-page","status-publish","hentry"],"_links":{"self":[{"href":"https:\/\/www.santilariosulfarfa.com\/de\/wp-json\/wp\/v2\/pages\/4066","targetHints":{"allow":["GET"]}}],"collection":[{"href":"https:\/\/www.santilariosulfarfa.com\/de\/wp-json\/wp\/v2\/pages"}],"about":[{"href":"https:\/\/www.santilariosulfarfa.com\/de\/wp-json\/wp\/v2\/types\/page"}],"author":[{"embeddable":true,"href":"https:\/\/www.santilariosulfarfa.com\/de\/wp-json\/wp\/v2\/users\/1"}],"replies":[{"embeddable":true,"href":"https:\/\/www.santilariosulfarfa.com\/de\/wp-json\/wp\/v2\/comments?post=4066"}],"version-history":[{"count":1,"href":"https:\/\/www.santilariosulfarfa.com\/de\/wp-json\/wp\/v2\/pages\/4066\/revisions"}],"predecessor-version":[{"id":4067,"href":"https:\/\/www.santilariosulfarfa.com\/de\/wp-json\/wp\/v2\/pages\/4066\/revisions\/4067"}],"wp:attachment":[{"href":"https:\/\/www.santilariosulfarfa.com\/de\/wp-json\/wp\/v2\/media?parent=4066"}],"curies":[{"name":"wp","href":"https:\/\/api.w.org\/{rel}","templated":true}]}}