{"id":4056,"date":"2016-06-20T10:51:28","date_gmt":"2016-06-20T08:51:28","guid":{"rendered":"http:\/\/www.santilariosulfarfa.com\/de\/?page_id=4056"},"modified":"2025-12-12T16:13:31","modified_gmt":"2025-12-12T15:13:31","slug":"zuhause","status":"publish","type":"page","link":"https:\/\/www.santilariosulfarfa.com\/de\/","title":{"rendered":"Zuhause"},"content":{"rendered":"<div class=\"wpb-content-wrapper\">[vc_row][vc_column width=&#8221;2\/3&#8243; offset=&#8221;vc_col-sm-offset-2&#8243;][vc_column_text css=&#8221;&#8221;]\n<h2 style=\"text-align: center;\"><small><span class=\"s2\">Ein Ort, an dem die Zeit stillsteht<br \/>\nand an dem wir an das denken k\u00f6nnen, was wir <\/span><span class=\"s2\">wertvolles<\/span><span class=\"s2\"> besitzen<\/span><\/small>UNS SELBST<\/h2>\n<p class=\"lead\" style=\"text-align: center;\"><span class=\"s2\">Bereiche <\/span><span class=\"s2\">zum Meditieren, <\/span><span class=\"s2\">Spazierengehen oder zum Lesen im Schatten einer Eiche<\/span><\/p>\n<p style=\"text-align: center;\">In der bezauberndern Landschaft des Farfa-Tals, im Herzen der Sabina, nur wenige Kilometer von Rieti und weniger als eine Autostunde von Rom entfernt, an einem der urspr\u00fcnglichsten und gesch\u00fctztesten Orte Mittelitaliens.<\/p>\n[\/vc_column_text][\/vc_column][\/vc_row][vc_row full_width=&#8221;stretch_row&#8221; parallax=&#8221;content-moving&#8221; parallax_layers=&#8221;yes&#8221; style_images=&#8221;yes&#8221; css=&#8221;.vc_custom_1463073864124{background-image: url(http:\/\/www.santilariosulfarfa.com\/wp-content\/uploads\/2014\/09\/bg_home_parallax3.jpg?id=3405) !important;background-position: center;background-repeat: no-repeat !important;background-size: cover !important;}&#8221; parallax_offset=&#8221;150&#8243; layer_1=&#8221;3399&#8243; layer_2=&#8221;3400&#8243; layer_3=&#8221;3401&#8243; layer_1_ratio=&#8221;1.25123&#8243; layer_2_ratio=&#8221;0.94456456&#8243; layer_3_ratio=&#8221;1.111111&#8243; layer_1_vertical=&#8221;top: 80%&#8221; layer_1_horizontal=&#8221;left: 17%&#8221; layer_2_vertical=&#8221;top: 25%&#8221; layer_2_horizontal=&#8221;left: 24%&#8221; layer_3_vertical=&#8221;top: -10%&#8221; layer_3_horizontal=&#8221;left: 12%&#8221; layer_1_z=&#8221;1&#8243; layer_2_z=&#8221;0&#8243; layer_3_z=&#8221;1&#8243; el_class=&#8221;content-padding-xxl&#8221;][vc_column width=&#8221;1\/2&#8243; offset=&#8221;vc_col-sm-offset-6&#8243;][vc_column_text css=&#8221;&#8221;]\n<h2><small>zero km bio\u00a0PRODUkte<br \/>\n<\/small>DER BIO-BAUERNHOF<\/h2>\n<p>Der Hof Sant\u2019Ilario sul Farfa ist ein 10 Hektar gro\u00dfes Landgut im Tal des Flusses Farfa. In der N\u00e4he befinden sich die Abtei Farfa und das mittelalterliche Dorf Castelnuovo, Heimat des Oliven\u00f6lmuseums.<\/p>\n<p>Im H\u00fcgelland gibt es einen Olivenhain mit 800 B\u00e4umen, aus dem hochwertiges Oliven\u00f6l hergestellt wird. Au\u00dferdem verf\u00fcgt de Hof \u00fcber Treibh\u00e4user, Winter- und Sommerg\u00e4rten, einen Obstgarten sowie H\u00fchner und Kaninchen.[\/vc_column_text][\/vc_column][\/vc_row][vc_row css=&#8221;.vc_custom_1463074912476{margin-bottom: -140px !important;}&#8221;][vc_column][vc_column_text css=&#8221;.vc_custom_1765360907747{margin-bottom: 40px !important;}&#8221;]\n<h2 style=\"text-align: center;\"><small>F\u00fcr immer aktualisiert zu sein<\/small>NEWS UND VERANSTALTUNGEN<\/h2>\n[\/vc_column_text][vc_basic_grid post_type=&#8221;post&#8221; max_items=&#8221;2&#8243; element_width=&#8221;6&#8243; item=&#8221;basicGrid_ScaleInWithRotation&#8221; grid_id=&#8221;vc_gid:1765552393975-160285f4-70d0-0&#8243;][\/vc_column][\/vc_row][vc_row][vc_column]<h2 class=\"text-center\"><small>Wo wollen Sie heute gehen?<\/small>Sehensw\u00fcrdigkeiten<\/h2><div class='services-carousel ' data-owl='{&quot;items&quot;:4,&quot;nav&quot;:false,&quot;navText&quot;:[],&quot;loop&quot;:true,&quot;autoplay&quot;:true,&quot;autoplayTimeout&quot;:2000,&quot;autoplayHoverPause&quot;:true,&quot;responsive&quot;:{&quot;0&quot;:{&quot;items&quot;:1,&quot;dots&quot;:false,&quot;nav&quot;:false},&quot;767&quot;:{&quot;items&quot;:4,&quot;dots&quot;:false},&quot;992&quot;:{&quot;items&quot;:4,&quot;dots&quot;:false}}}'><div class=\"item\">\n  <a href=\"http:\/\/www.santilariosulfarfa.com\/de\/die-farfa-abbey\/\" target=\"_self\" class=\"link-image\" title=\"Die Farfa Abbey\"><img loading=\"lazy\" decoding=\"async\" width=\"750\" height=\"404\" src=\"https:\/\/www.santilariosulfarfa.com\/wp-content\/uploads\/2014\/09\/pano_facciata-1024x552.jpg\" class=\"attachment-large size-large\" alt=\"\" srcset=\"https:\/\/www.santilariosulfarfa.com\/wp-content\/uploads\/2014\/09\/pano_facciata.jpg 1024w, https:\/\/www.santilariosulfarfa.com\/wp-content\/uploads\/2014\/09\/pano_facciata-300x162.jpg 300w, https:\/\/www.santilariosulfarfa.com\/wp-content\/uploads\/2014\/09\/pano_facciata-768x414.jpg 768w\" sizes=\"auto, (max-width: 750px) 100vw, 750px\" \/><\/a>      <div class=\"item-content\">\n      <h4><a href=\"http:\/\/www.santilariosulfarfa.com\/de\/die-farfa-abbey\/\" target=\"_self\" >Die Farfa Abbey<\/a><\/h4>      <p>Die Farfa Abbey ist eine der wichtigsten Denkm\u00e4ler des europ\u00e4ischen Mittelalters; Er hatte die Schirmherrschaft von Karl dem Gro\u00dfen und besa\u00df,<\/p>    <\/div>\n  <\/div>\n<div class=\"item\">\n  <a href=\"http:\/\/www.santilariosulfarfa.com\/de\/valle-sankt-rieti\/\" target=\"_self\" class=\"link-image\" title=\"Valle Sankt Rieti\"><img loading=\"lazy\" decoding=\"async\" width=\"750\" height=\"563\" src=\"https:\/\/www.santilariosulfarfa.com\/wp-content\/uploads\/2016\/05\/Valle-Santa-1024x768.jpg\" class=\"attachment-large size-large\" alt=\"\" srcset=\"https:\/\/www.santilariosulfarfa.com\/wp-content\/uploads\/2016\/05\/Valle-Santa.jpg 1024w, https:\/\/www.santilariosulfarfa.com\/wp-content\/uploads\/2016\/05\/Valle-Santa-300x225.jpg 300w, https:\/\/www.santilariosulfarfa.com\/wp-content\/uploads\/2016\/05\/Valle-Santa-768x576.jpg 768w\" sizes=\"auto, (max-width: 750px) 100vw, 750px\" \/><\/a>      <div class=\"item-content\">\n      <h4><a href=\"http:\/\/www.santilariosulfarfa.com\/de\/valle-sankt-rieti\/\" target=\"_self\" >Valle Sankt Rieti<\/a><\/h4>      <p>``Hat Francis geheiligt Assisi, seiner Heimatstadt, sondern leuchtete in der Provinz Rieti auf eine besondere Vorliebe und f\u00fcr die Pracht der vielen Wunder.``<\/p>    <\/div>\n  <\/div>\n<div class=\"item\">\n  <a href=\"http:\/\/www.santilariosulfarfa.com\/de\/reserve-von-seen\u2026-und-ripasottile\/\" target=\"_self\" class=\"link-image\" title=\"Reserve von Seen\"><img loading=\"lazy\" decoding=\"async\" width=\"750\" height=\"500\" src=\"https:\/\/www.santilariosulfarfa.com\/wp-content\/uploads\/2016\/05\/Riserva-laghi-lungo-e-ripasottile-1024x683.jpg\" class=\"attachment-large size-large\" alt=\"\" srcset=\"https:\/\/www.santilariosulfarfa.com\/wp-content\/uploads\/2016\/05\/Riserva-laghi-lungo-e-ripasottile-1024x683.jpg 1024w, https:\/\/www.santilariosulfarfa.com\/wp-content\/uploads\/2016\/05\/Riserva-laghi-lungo-e-ripasottile-300x200.jpg 300w, https:\/\/www.santilariosulfarfa.com\/wp-content\/uploads\/2016\/05\/Riserva-laghi-lungo-e-ripasottile-768x512.jpg 768w, https:\/\/www.santilariosulfarfa.com\/wp-content\/uploads\/2016\/05\/Riserva-laghi-lungo-e-ripasottile.jpg 1300w\" sizes=\"auto, (max-width: 750px) 100vw, 750px\" \/><\/a>      <div class=\"item-content\">\n      <h4><a href=\"http:\/\/www.santilariosulfarfa.com\/de\/reserve-von-seen\u2026-und-ripasottile\/\" target=\"_self\" >Reserve von Seen<\/a><\/h4>      <p>Die Wechself\u00e4lle des Gebiets, die in der Teilnaturschutzgebiet von Seen und entlang Ripasottile beziehen sich auf sehr entfernten Epoche.<\/p>    <\/div>\n  <\/div>\n<div class=\"item\">\n  <a href=\"http:\/\/www.santilariosulfarfa.com\/de\/naturschutzgebiet-tevere-farfa\/\" target=\"_self\" class=\"link-image\" title=\"Naturschutzgebiet Tevere Farfa\"><img loading=\"lazy\" decoding=\"async\" width=\"750\" height=\"483\" src=\"https:\/\/www.santilariosulfarfa.com\/wp-content\/uploads\/2016\/05\/image8-1024x660.jpg\" class=\"attachment-large size-large\" alt=\"\" srcset=\"https:\/\/www.santilariosulfarfa.com\/wp-content\/uploads\/2016\/05\/image8-1024x660.jpg 1024w, https:\/\/www.santilariosulfarfa.com\/wp-content\/uploads\/2016\/05\/image8-300x193.jpg 300w, https:\/\/www.santilariosulfarfa.com\/wp-content\/uploads\/2016\/05\/image8-768x495.jpg 768w, https:\/\/www.santilariosulfarfa.com\/wp-content\/uploads\/2016\/05\/image8.jpg 2048w\" sizes=\"auto, (max-width: 750px) 100vw, 750px\" \/><\/a>      <div class=\"item-content\">\n      <h4><a href=\"http:\/\/www.santilariosulfarfa.com\/de\/naturschutzgebiet-tevere-farfa\/\" target=\"_self\" >Naturschutzgebiet Tevere Farfa<\/a><\/h4>      <p>Zwischen 1953 und 1955 ENEL, f\u00fcr die Erzeugung von Elektrizit\u00e4t gebaut, eines Staudamms am Tiber, nur unterhalb des Zusammenflusses mit dem Fluss Farfa.<\/p>    <\/div>\n  <\/div>\n<div class=\"item\">\n  <a href=\"http:\/\/www.santilariosulfarfa.com\/de\/einsiedelei-von-san-cataldo\/\" target=\"_self\" class=\"link-image\" title=\"Einsiedelei von San Cataldo\"><img loading=\"lazy\" decoding=\"async\" width=\"750\" height=\"563\" src=\"https:\/\/www.santilariosulfarfa.com\/wp-content\/uploads\/2014\/09\/Eremo_di_San_Cataldo._Cottanello.jpg\" class=\"attachment-large size-large\" alt=\"\" srcset=\"https:\/\/www.santilariosulfarfa.com\/wp-content\/uploads\/2014\/09\/Eremo_di_San_Cataldo._Cottanello.jpg 1000w, https:\/\/www.santilariosulfarfa.com\/wp-content\/uploads\/2014\/09\/Eremo_di_San_Cataldo._Cottanello-300x225.jpg 300w, https:\/\/www.santilariosulfarfa.com\/wp-content\/uploads\/2014\/09\/Eremo_di_San_Cataldo._Cottanello-768x576.jpg 768w\" sizes=\"auto, (max-width: 750px) 100vw, 750px\" \/><\/a>      <div class=\"item-content\">\n      <h4><a href=\"http:\/\/www.santilariosulfarfa.com\/de\/einsiedelei-von-san-cataldo\/\" target=\"_self\" >Einsiedelei von San Cataldo<\/a><\/h4>      <p>Am Eingang des Dorfes, die charakteristische Einsiedelei von San Cataldo, in einem riesigen Granitfelsen eingesunken, dass es wie ein Dach bedeckt, \u00fcber tausend Jahre die kleine Gemeinschaft von Cottanello zu sch\u00fctzen.<\/p>    <\/div>\n  <\/div>\n<div class=\"item\">\n  <a href=\"http:\/\/www.santilariosulfarfa.com\/de\/wallfahrtskirche-santa-vittoria\/\" target=\"_self\" class=\"link-image\" title=\"Wallfahrtskirche Santa Vittoria\"><img loading=\"lazy\" decoding=\"async\" width=\"750\" height=\"381\" src=\"https:\/\/www.santilariosulfarfa.com\/wp-content\/uploads\/2016\/05\/header.jpg\" class=\"attachment-large size-large\" alt=\"\" srcset=\"https:\/\/www.santilariosulfarfa.com\/wp-content\/uploads\/2016\/05\/header.jpg 984w, https:\/\/www.santilariosulfarfa.com\/wp-content\/uploads\/2016\/05\/header-300x152.jpg 300w, https:\/\/www.santilariosulfarfa.com\/wp-content\/uploads\/2016\/05\/header-768x390.jpg 768w\" sizes=\"auto, (max-width: 750px) 100vw, 750px\" \/><\/a>      <div class=\"item-content\">\n      <h4><a href=\"http:\/\/www.santilariosulfarfa.com\/de\/wallfahrtskirche-santa-vittoria\/\" target=\"_self\" >Wallfahrtskirche Santa Vittoria<\/a><\/h4>      <p>Am Pfingstsonntag, Sonntag, 11. Mai 2008 wurde das Dorf von Monteleone Sabino beh\u00e4ngt den Abstieg des Heiligen Geistes zu feiern,<\/p>    <\/div>\n  <\/div>\n<div class=\"item\">\n  <a href=\"http:\/\/www.santilariosulfarfa.com\/de\/schrein-des-vescovio\/\" target=\"_self\" class=\"link-image\" title=\"Schrein des Vescovio\"><img loading=\"lazy\" decoding=\"async\" width=\"750\" height=\"352\" src=\"https:\/\/www.santilariosulfarfa.com\/wp-content\/uploads\/2016\/05\/santa-maria-di-vescovio-1024x480-1024x480.jpg\" class=\"attachment-large size-large\" alt=\"\" srcset=\"https:\/\/www.santilariosulfarfa.com\/wp-content\/uploads\/2016\/05\/santa-maria-di-vescovio-1024x480.jpg 1024w, https:\/\/www.santilariosulfarfa.com\/wp-content\/uploads\/2016\/05\/santa-maria-di-vescovio-1024x480-300x141.jpg 300w, https:\/\/www.santilariosulfarfa.com\/wp-content\/uploads\/2016\/05\/santa-maria-di-vescovio-1024x480-768x360.jpg 768w\" sizes=\"auto, (max-width: 750px) 100vw, 750px\" \/><\/a>      <div class=\"item-content\">\n      <h4><a href=\"http:\/\/www.santilariosulfarfa.com\/de\/schrein-des-vescovio\/\" target=\"_self\" >Schrein des Vescovio<\/a><\/h4>      <p>Der Schrein von Vescovio, zu den bekanntesten und wichtigsten Sehensw\u00fcrdigkeiten von Sabina, in der Gegend, wo sich einst die r\u00f6mische Stadt ``Forum Novum`` stand.<\/p>    <\/div>\n  <\/div>\n<div class=\"item\">\n  <a href=\"http:\/\/www.santilariosulfarfa.com\/de\/terminillo-berg\/\" target=\"_self\" class=\"link-image\" title=\"Terminillo berg\"><img loading=\"lazy\" decoding=\"async\" width=\"750\" height=\"500\" src=\"https:\/\/www.santilariosulfarfa.com\/wp-content\/uploads\/2014\/09\/5277078.jpg\" class=\"attachment-large size-large\" alt=\"\" srcset=\"https:\/\/www.santilariosulfarfa.com\/wp-content\/uploads\/2014\/09\/5277078.jpg 1000w, https:\/\/www.santilariosulfarfa.com\/wp-content\/uploads\/2014\/09\/5277078-300x200.jpg 300w, https:\/\/www.santilariosulfarfa.com\/wp-content\/uploads\/2014\/09\/5277078-768x511.jpg 768w\" sizes=\"auto, (max-width: 750px) 100vw, 750px\" \/><\/a>      <div class=\"item-content\">\n      <h4><a href=\"http:\/\/www.santilariosulfarfa.com\/de\/terminillo-berg\/\" target=\"_self\" >Terminillo berg<\/a><\/h4>      <p>Der Terminillo wurde nach einem Besuch von Benito Mussolini in den drei\u00dfig Jahren f\u00fcr Touristen ins Leben gerufen, dass er ``von der Sch\u00f6nheit des Gebirges beeindruckt.``<\/p>    <\/div>\n  <\/div>\n<div class=\"item\">\n  <a href=\"http:\/\/www.santilariosulfarfa.com\/de\/marmore-falls\/\" target=\"_self\" class=\"link-image\" title=\"Marmore falls\"><img loading=\"lazy\" decoding=\"async\" width=\"750\" height=\"579\" src=\"https:\/\/www.santilariosulfarfa.com\/wp-content\/uploads\/2016\/05\/cascata-1024x791.jpg\" class=\"attachment-large size-large\" alt=\"\" srcset=\"https:\/\/www.santilariosulfarfa.com\/wp-content\/uploads\/2016\/05\/cascata.jpg 1024w, https:\/\/www.santilariosulfarfa.com\/wp-content\/uploads\/2016\/05\/cascata-300x232.jpg 300w, https:\/\/www.santilariosulfarfa.com\/wp-content\/uploads\/2016\/05\/cascata-768x593.jpg 768w\" sizes=\"auto, (max-width: 750px) 100vw, 750px\" \/><\/a>      <div class=\"item-content\">\n      <h4><a href=\"http:\/\/www.santilariosulfarfa.com\/de\/marmore-falls\/\" target=\"_self\" >Marmore falls<\/a><\/h4>      <p>Marmore Falls ist eine kontrollierte Str\u00f6mung Wasserfall, zu den h\u00f6chsten in Europa, auf einer Fallh\u00f6he von 165 m verlassen, aufgeteilt in drei Spr\u00fcnge.<\/p>    <\/div>\n  <\/div>\n<\/div>[\/vc_column][\/vc_row]\n<\/div>","protected":false},"excerpt":{"rendered":"<p>[vc_row][vc_column width=&#8221;2\/3&#8243; offset=&#8221;vc_col-sm-offset-2&#8243;][vc_column_text css=&#8221;&#8221;] Ein Ort, an dem die Zeit stillsteht and an dem wir an das denken k\u00f6nnen, was [&hellip;]<\/p>\n","protected":false},"author":1,"featured_media":0,"parent":0,"menu_order":0,"comment_status":"closed","ping_status":"closed","template":"","meta":{"footnotes":""},"class_list":["post-4056","page","type-page","status-publish","hentry"],"_links":{"self":[{"href":"https:\/\/www.santilariosulfarfa.com\/de\/wp-json\/wp\/v2\/pages\/4056","targetHints":{"allow":["GET"]}}],"collection":[{"href":"https:\/\/www.santilariosulfarfa.com\/de\/wp-json\/wp\/v2\/pages"}],"about":[{"href":"https:\/\/www.santilariosulfarfa.com\/de\/wp-json\/wp\/v2\/types\/page"}],"author":[{"embeddable":true,"href":"https:\/\/www.santilariosulfarfa.com\/de\/wp-json\/wp\/v2\/users\/1"}],"replies":[{"embeddable":true,"href":"https:\/\/www.santilariosulfarfa.com\/de\/wp-json\/wp\/v2\/comments?post=4056"}],"version-history":[{"count":8,"href":"https:\/\/www.santilariosulfarfa.com\/de\/wp-json\/wp\/v2\/pages\/4056\/revisions"}],"predecessor-version":[{"id":10567,"href":"https:\/\/www.santilariosulfarfa.com\/de\/wp-json\/wp\/v2\/pages\/4056\/revisions\/10567"}],"wp:attachment":[{"href":"https:\/\/www.santilariosulfarfa.com\/de\/wp-json\/wp\/v2\/media?parent=4056"}],"curies":[{"name":"wp","href":"https:\/\/api.w.org\/{rel}","templated":true}]}}