{"id":4037,"date":"2016-06-20T10:33:28","date_gmt":"2016-06-20T08:33:28","guid":{"rendered":"http:\/\/www.santilariosulfarfa.com\/de\/?page_id=4037"},"modified":"2016-06-22T14:29:51","modified_gmt":"2016-06-22T12:29:51","slug":"einsiedelei-von-san-cataldo","status":"publish","type":"page","link":"https:\/\/www.santilariosulfarfa.com\/de\/einsiedelei-von-san-cataldo\/","title":{"rendered":"Einsiedelei von San Cataldo"},"content":{"rendered":"<p><img loading=\"lazy\" decoding=\"async\" class=\"size-full wp-image-3769 aligncenter\" src=\"http:\/\/www.santilariosulfarfa.com\/wp-content\/uploads\/2014\/09\/Eremo_di_San_Cataldo._Cottanello.jpg\" alt=\"Eremo_di_San_Cataldo._Cottanello\" width=\"1000\" height=\"750\" srcset=\"https:\/\/www.santilariosulfarfa.com\/wp-content\/uploads\/2014\/09\/Eremo_di_San_Cataldo._Cottanello.jpg 1000w, https:\/\/www.santilariosulfarfa.com\/wp-content\/uploads\/2014\/09\/Eremo_di_San_Cataldo._Cottanello-300x225.jpg 300w, https:\/\/www.santilariosulfarfa.com\/wp-content\/uploads\/2014\/09\/Eremo_di_San_Cataldo._Cottanello-768x576.jpg 768w\" sizes=\"auto, (max-width: 1000px) 100vw, 1000px\" \/><\/p>\n<p>Am Eingang des Dorfes, die charakteristische Einsiedelei von San Cataldo, in einem riesigen Granitfelsen eingesunken, dass es wie ein Dach bedeckt, \u00fcber tausend Jahre die kleine Gemeinschaft von Cottanello zu sch\u00fctzen.<br \/>\nSeine Urspr\u00fcnge, vor der zehnten Jahrhundert, sind aufgrund der Benediktinerm\u00f6nche, die in der Gegend zu predigen, es als Unterkunft oder einem Ort der Einsiedelei verwendet.<\/p>\n<p>Die Kapelle gewidmet San Cataldo, Bischof von Rochau, die zwischen dem VI lebte &#8211; VII Jahrhundert Gleichstrom- die w\u00e4hrend einer Pilgerreise starb im Heiligen Land &#8220;in Taranto, wo er in der Kathedrale begraben wurde.<br \/>\nDie Legende besagt, dass der Heilige nahm Zuflucht in der Einsiedelei Verfolgung Aryan zu entkommen, aber keine historische Best\u00e4tigung hat best\u00e4tigt nie diese Hypothese, und ist &#8220;wahrscheinlicher, dass seine Verehrung von den Soldaten, die um 1497 gek\u00e4mpft hatte gerade gebracht wurde Taranto.<\/p>\n<p>Der Patron von Cottam war immer S. Andrea, aber die Bewohner haben immer eine besondere Vorliebe f\u00fcr S. Cataldo, der Patron-co 10 mit gro\u00dfer Inbrunst am Mai gefeiert; ihm wurden sie viele &#8220;ex-voto&#8221;, einige noch in der Einsiedelei sichtbar gewidmet ist.<\/p>\n<p>Im Inneren der kleinen Kapelle beherbergt die \u00e4ltesten Fresken im byzantinischen Stil von Sabina, von besonderer Sch\u00f6nheit, als tausendj\u00e4hrig des Erl\u00f6sers Malerei und andere sch\u00f6ne f\u00fcnfzehnten Jahrhundert Gem\u00e4lde, der Darstellung der Madonna mit Kind und Heiligen Bisch\u00f6fe.<\/p>\n<p>In der Malerei des Erl\u00f6sers, datiert IX &#8211; X Jahrhundert ist dargestellt, segnend flankiert Jesus sitzt von den Aposteln und Heiligen unter sechs Jahren, in dem Fresko klare Hinweise auf Franz von Assisi gibt es, das auff\u00e4lligste ist das Symbol des Heiligen selbst, der &#8220;TAU&#8221; griechisch, die es identifiziert.<br \/>\nUnd &#8220;sicher, dass zwischen 1217 und 1223 Francis zwischen unseren Nationen stand sie zu evangelisieren.<br \/>\nDas Fresko wurde erst 1944 entdeckt, als deutsche Sappeure, um den Flug zu sch\u00fctzen, unter die Br\u00fccke sprengten. Die Einsiedelei blieb wie durch ein Wunder unversehrt, aber der Ausbruch screpol\u00f2 ein Fresko der das Land 700 darstellt, unter denen das kostbare Gem\u00e4lde lauerte.<\/p>\n<p>Im Gegenzug sind schlie\u00dflich gibt es noch barocke Darstellungen, dann zur\u00fcck, als die Vertreibung von Adam und Eva aus dem Paradies.<\/p>\n<p>In einer Ecke der gleichen Wand ist das Fresko der Jungfrau aus dem Jahr 1443 zur\u00fcck, dessen Jesus &#8216;Gesicht des Kindes erinnert an das Aussehen des heiligen Franziskus.<\/p>\n<p>Wissenschaftler sagen, dass die Einsiedelei mehrmals als Vorposten der Verteidigung verwendet wurde w\u00e4hrend der K\u00e4mpfe einander in verschiedenen Jahrhunderten gefolgt: Um diese Hypothese zu best\u00e4tigen, sind die L\u00fccken, die noch in der Wand zu sehen.<\/p>\n<p>Die beeindruckende Treppe wurde 1888 gebaut, als sie die Stra\u00dfe nach Fontecerro realisiert wurde das Rieti-Tal zu erreichen.<br \/>\nVor dieser Arbeit war die alte Art und Weise, was f\u00fcr die &#8220;Prati di Cottanello&#8221; geht, die gerade den Weg des Franziskus, der Stra\u00dfe, die entlang des Santo da Greccio lief in unsere L\u00e4nder erreichen.<\/p>\n","protected":false},"excerpt":{"rendered":"<p>Am Eingang des Dorfes, die charakteristische Einsiedelei von San Cataldo, in einem riesigen Granitfelsen eingesunken, dass es wie ein Dach [&hellip;]<\/p>\n","protected":false},"author":1,"featured_media":0,"parent":0,"menu_order":0,"comment_status":"closed","ping_status":"closed","template":"page-templates\/page-right.php","meta":{"footnotes":""},"class_list":["post-4037","page","type-page","status-publish","hentry"],"_links":{"self":[{"href":"https:\/\/www.santilariosulfarfa.com\/de\/wp-json\/wp\/v2\/pages\/4037","targetHints":{"allow":["GET"]}}],"collection":[{"href":"https:\/\/www.santilariosulfarfa.com\/de\/wp-json\/wp\/v2\/pages"}],"about":[{"href":"https:\/\/www.santilariosulfarfa.com\/de\/wp-json\/wp\/v2\/types\/page"}],"author":[{"embeddable":true,"href":"https:\/\/www.santilariosulfarfa.com\/de\/wp-json\/wp\/v2\/users\/1"}],"replies":[{"embeddable":true,"href":"https:\/\/www.santilariosulfarfa.com\/de\/wp-json\/wp\/v2\/comments?post=4037"}],"version-history":[{"count":2,"href":"https:\/\/www.santilariosulfarfa.com\/de\/wp-json\/wp\/v2\/pages\/4037\/revisions"}],"predecessor-version":[{"id":4345,"href":"https:\/\/www.santilariosulfarfa.com\/de\/wp-json\/wp\/v2\/pages\/4037\/revisions\/4345"}],"wp:attachment":[{"href":"https:\/\/www.santilariosulfarfa.com\/de\/wp-json\/wp\/v2\/media?parent=4037"}],"curies":[{"name":"wp","href":"https:\/\/api.w.org\/{rel}","templated":true}]}}