{"id":4029,"date":"2016-06-20T10:01:56","date_gmt":"2016-06-20T08:01:56","guid":{"rendered":"http:\/\/www.santilariosulfarfa.com\/de\/?page_id=4029"},"modified":"2025-12-10T11:09:47","modified_gmt":"2025-12-10T10:09:47","slug":"die-kueche","status":"publish","type":"page","link":"https:\/\/www.santilariosulfarfa.com\/de\/die-kueche\/","title":{"rendered":"Die K\u00fcche"},"content":{"rendered":"<div class=\"wpb-content-wrapper\">[vc_row][vc_column width=&#8221;1\/2&#8243;][vc_column_text css=&#8221;&#8221;]\n<h1 class=\"text-uppercase\"><small>SABINISCHE SPEZIALIT\u00c4TEN<\/small>PRODUKTE VOM HOF (KM 0)<\/h1>\n<p class=\"lead\"><span class=\"s2\">Das Hofrestaurant des Landguts <\/span><span class=\"s2\">Sant\u2019Ilario<\/span><span class=\"s2\"> sul <\/span><span class=\"s2\">Farfa<\/span><span class=\"s2\"> befindet sich ebenfalls in einem restaurierten Geb\u00e4ude und besticht durch eine elegante und stillvolle Atmosph\u00e4re.<\/span><\/p>\n<p>Hier k\u00f6nnen Sie die authentischen, typischen Gerichte der mittelitalienischen K\u00fcche genie\u00dfen. Manchmal werden alte Rezepte von unseren erfahrenen K\u00f6chen modern interpretiert, dabei stammen alle Zutaten \u2013 wie Oliven\u00f6l, Wein, Marmeladen, Eier, Gem\u00fcse, Obst und H\u00fclsenfr\u00fcchte \u2013 immer direkt vom Hof oder von anderen biologischen Betrieben in der Sabina.<br \/>\nUnsere G\u00e4ste k\u00f6nnen ihre Mahlzeiten auch im panoramischen Garten des Landguts genie\u00dfen.<br \/>\nAu\u00dferdem bieten Kurse \u00fcber mittelitalienischer K\u00fcche an.[\/vc_column_text][\/vc_column][vc_column width=&#8221;1\/2&#8243;][vc_images_carousel images=&#8221;9772,9773,9774,9775,9776,9777,9778,9779,9780&#8243;][\/vc_column][\/vc_row][vc_row full_width=&#8221;stretch_row&#8221; parallax=&#8221;content-moving&#8221; css=&#8221;.vc_custom_1463324026775{background-image: url(http:\/\/www.santilariosulfarfa.com\/wp-content\/uploads\/2016\/05\/bg_cucina.jpg?id=3490) !important;background-position: center;background-repeat: no-repeat !important;background-size: cover !important;}&#8221; el_class=&#8221;content-padding-mobile-none&#8221;][vc_column width=&#8221;2\/3&#8243; offset=&#8221;vc_col-sm-offset-2&#8243; el_class=&#8221;white-box content-padding-xs&#8221;][vc_images_carousel images=&#8221;9783,9784,9785,9786,9787,9788&#8243;][\/vc_column][\/vc_row][vc_row full_width=&#8221;stretch_row&#8221; parallax=&#8221;content-moving-fade&#8221; parallax_image=&#8221;3449&#8243; position=&#8221;center center&#8221; css=&#8221;.vc_custom_1463320013886{background: #e9e9e9 url(http:\/\/www.santilariosulfarfa.com\/wp-content\/uploads\/2016\/05\/bg-dining.jpg?id=3449);background-position:center;background-repeat:-repeat;background-size: cover !important;}&#8221; el_class=&#8221;content-padding-xxl background-none-mobile&#8221;][vc_column width=&#8221;1\/2&#8243; offset=&#8221;vc_col-sm-offset-6&#8243;][vc_column_text]\n<blockquote><p>The table is a meeting place, a gathering ground, the source of sustenance and nourishment, festivity, safety, and satisfaction. A person cooking is a person giving: Even the simplest food is a gift.<cite>Laurie Colwin<\/cite><\/p><\/blockquote>\n[\/vc_column_text][\/vc_column][\/vc_row][vc_row full_width=&#8221;stretch_row&#8221; parallax=&#8221;content-moving&#8221; css=&#8221;.vc_custom_1463324026775{background-image: url(http:\/\/www.santilariosulfarfa.com\/wp-content\/uploads\/2016\/05\/bg_cucina.jpg?id=3490) !important;background-position: center;background-repeat: no-repeat;background-size: cover !important;}&#8221; el_class=&#8221;content-padding-mobile-none&#8221;][vc_column width=&#8221;2\/3&#8243; offset=&#8221;vc_col-sm-offset-2&#8243; el_class=&#8221;white-box content-padding-xs&#8221;][vc_images_carousel images=&#8221;9789,9793,9794,9790,10482&#8243; css=&#8221;&#8221;][\/vc_column][\/vc_row]\n<\/div>","protected":false},"excerpt":{"rendered":"<p>[vc_row][vc_column width=&#8221;1\/2&#8243;][vc_column_text css=&#8221;&#8221;] SABINISCHE SPEZIALIT\u00c4TENPRODUKTE VOM HOF (KM 0) Das Hofrestaurant des Landguts Sant\u2019Ilario sul Farfa befindet sich ebenfalls in [&hellip;]<\/p>\n","protected":false},"author":1,"featured_media":0,"parent":0,"menu_order":0,"comment_status":"closed","ping_status":"closed","template":"","meta":{"footnotes":""},"class_list":["post-4029","page","type-page","status-publish","hentry"],"_links":{"self":[{"href":"https:\/\/www.santilariosulfarfa.com\/de\/wp-json\/wp\/v2\/pages\/4029","targetHints":{"allow":["GET"]}}],"collection":[{"href":"https:\/\/www.santilariosulfarfa.com\/de\/wp-json\/wp\/v2\/pages"}],"about":[{"href":"https:\/\/www.santilariosulfarfa.com\/de\/wp-json\/wp\/v2\/types\/page"}],"author":[{"embeddable":true,"href":"https:\/\/www.santilariosulfarfa.com\/de\/wp-json\/wp\/v2\/users\/1"}],"replies":[{"embeddable":true,"href":"https:\/\/www.santilariosulfarfa.com\/de\/wp-json\/wp\/v2\/comments?post=4029"}],"version-history":[{"count":10,"href":"https:\/\/www.santilariosulfarfa.com\/de\/wp-json\/wp\/v2\/pages\/4029\/revisions"}],"predecessor-version":[{"id":10538,"href":"https:\/\/www.santilariosulfarfa.com\/de\/wp-json\/wp\/v2\/pages\/4029\/revisions\/10538"}],"wp:attachment":[{"href":"https:\/\/www.santilariosulfarfa.com\/de\/wp-json\/wp\/v2\/media?parent=4029"}],"curies":[{"name":"wp","href":"https:\/\/api.w.org\/{rel}","templated":true}]}}