{"id":3979,"date":"2016-06-19T10:50:49","date_gmt":"2016-06-19T08:50:49","guid":{"rendered":"http:\/\/www.santilariosulfarfa.com\/de\/?page_id=3979"},"modified":"2016-06-19T10:50:49","modified_gmt":"2016-06-19T08:50:49","slug":"kreativkurse","status":"publish","type":"page","link":"https:\/\/www.santilariosulfarfa.com\/de\/kreativkurse\/","title":{"rendered":"Kreativkurse"},"content":{"rendered":"<div class=\"wpb-content-wrapper\">[vc_row][vc_column width=&#8221;1\/2&#8243;][vc_column_text]Mittelitalienische K\u00fcche, gastronomische Kostproben, Oliven\u00f6l- und Weinprobe, Beobachtung der Sterne.<\/p>\n<p><strong>Weinprobe<\/strong><br \/>\nAn den Wochenenden organisieren wir verschiedene Kursen um die italienische \u00d6nologie und Gastronomie, mit Kostproben unserer biologischen Nahrungsmitteln und echter Landsdelikatessen.<br \/>\n<strong><br \/>\nOliven\u00f6l<\/strong><br \/>\nIm Herbst gibt es die Olivenernte am Bauerhof. Dann an den Wochenenden organisieren wir verschiedene Kursen um die italienischen Traditionen des Oliven\u00f6les:<br \/>\n&#8211; Oliven\u00f6lprobe<br \/>\n&#8211; Oliven\u00f6l und Gesundheit<br \/>\n&#8211;\u00a0Gastronomische und non-gastronomische Anwendungen des Oliven\u00f6les<br \/>\n&#8211; Geschichte des Oliven\u00f6les<\/p>\n<p>Die Kurse werden \u00fcber das Wochenende von Experten elaiotecnici gehalten werden (aus dem Griechischen = Elaios \u00d6l), die Sie entdecken unsere G\u00e4ste mit allen Besonderheiten und extra natives Oliven\u00f6l Tugenden, welche die Lieferkette zu machen, von der Pflanze zu ernten, in unserem Unternehmen, der Besuch in der M\u00fchle die Pressung der Oliven bis zur Abf\u00fcllung zu sehen\u00a0des fertigen Produkts. Sie werden lernen, Geschmack, Eigenschaften und Defekte in einem der wichtigsten kulinarischen Reichtum unseres Landes zu unterscheiden.<\/p>\n<p>W\u00e4hrend der Woche sind wir in die Schule Gruppen zur Verf\u00fcgung.<\/p>\n<p><strong>Beobachtung der Sterne<\/strong><br \/>\nIn der Ruhe der Sommersn\u00e4chte der Sabina organisieren wir Seminare mit den Astronomen der Frasso Sabino Sternwarte. Man kann auch das Telescops benutzen.[\/vc_column_text][\/vc_column][vc_column width=&#8221;1\/2&#8243;][vc_images_carousel images=&#8221;3459,3460,3461,3462,3463,3464,3465,3466,3467&#8243;][\/vc_column][\/vc_row]\n<\/div>","protected":false},"excerpt":{"rendered":"<p>[vc_row][vc_column width=&#8221;1\/2&#8243;][vc_column_text]Mittelitalienische K\u00fcche, gastronomische Kostproben, Oliven\u00f6l- und Weinprobe, Beobachtung der Sterne. Weinprobe An den Wochenenden organisieren wir verschiedene Kursen um [&hellip;]<\/p>\n","protected":false},"author":1,"featured_media":0,"parent":0,"menu_order":0,"comment_status":"closed","ping_status":"closed","template":"","meta":{"footnotes":""},"class_list":["post-3979","page","type-page","status-publish","hentry"],"_links":{"self":[{"href":"https:\/\/www.santilariosulfarfa.com\/de\/wp-json\/wp\/v2\/pages\/3979","targetHints":{"allow":["GET"]}}],"collection":[{"href":"https:\/\/www.santilariosulfarfa.com\/de\/wp-json\/wp\/v2\/pages"}],"about":[{"href":"https:\/\/www.santilariosulfarfa.com\/de\/wp-json\/wp\/v2\/types\/page"}],"author":[{"embeddable":true,"href":"https:\/\/www.santilariosulfarfa.com\/de\/wp-json\/wp\/v2\/users\/1"}],"replies":[{"embeddable":true,"href":"https:\/\/www.santilariosulfarfa.com\/de\/wp-json\/wp\/v2\/comments?post=3979"}],"version-history":[{"count":1,"href":"https:\/\/www.santilariosulfarfa.com\/de\/wp-json\/wp\/v2\/pages\/3979\/revisions"}],"predecessor-version":[{"id":3980,"href":"https:\/\/www.santilariosulfarfa.com\/de\/wp-json\/wp\/v2\/pages\/3979\/revisions\/3980"}],"wp:attachment":[{"href":"https:\/\/www.santilariosulfarfa.com\/de\/wp-json\/wp\/v2\/media?parent=3979"}],"curies":[{"name":"wp","href":"https:\/\/api.w.org\/{rel}","templated":true}]}}