{"id":3948,"date":"2016-06-19T09:38:31","date_gmt":"2016-06-19T07:38:31","guid":{"rendered":"http:\/\/www.santilariosulfarfa.com\/de\/?page_id=3948"},"modified":"2016-06-22T14:31:46","modified_gmt":"2016-06-22T12:31:46","slug":"marmore-falls","status":"publish","type":"page","link":"https:\/\/www.santilariosulfarfa.com\/de\/marmore-falls\/","title":{"rendered":"Marmore falls"},"content":{"rendered":"<p><img loading=\"lazy\" decoding=\"async\" class=\"size-full wp-image-3786 aligncenter\" src=\"http:\/\/www.santilariosulfarfa.com\/wp-content\/uploads\/2016\/05\/cascata.jpg\" alt=\"cascata\" width=\"1024\" height=\"791\" srcset=\"https:\/\/www.santilariosulfarfa.com\/wp-content\/uploads\/2016\/05\/cascata.jpg 1024w, https:\/\/www.santilariosulfarfa.com\/wp-content\/uploads\/2016\/05\/cascata-300x232.jpg 300w, https:\/\/www.santilariosulfarfa.com\/wp-content\/uploads\/2016\/05\/cascata-768x593.jpg 768w\" sizes=\"auto, (max-width: 1024px) 100vw, 1024px\" \/><\/p>\n<p>Marmore Falls ist eine kontrollierte Str\u00f6mung Wasserfall, zu den h\u00f6chsten in Europa, auf einer Fallh\u00f6he von 165 m verlassen, aufgeteilt in drei Spr\u00fcnge. Es ist etwa 7,5 km entfernt von Terni in Umbrien, in der N\u00e4he Ende Valnerina, das lange Tal des Flusses Nera geschnitzt. Der Name ist aus Calciumcarbonat Salze, die auf den Felsen ab, die auf wei\u00dfem Marmor \u00e4hnlich sind.<\/p>\n<p>Das Wasser des Wasserfalls werden f\u00fcr die Erzeugung von elektrischer Energie intensiv genutzt, in der Galleto. Dies bewirkt, dass der wahre Wasserfall selbst nicht st\u00e4ndig arbeitet, sondern auch f\u00fcr die meiste Zeit auf die Gr\u00f6\u00dfe eines Stromes reduziert wird. Das Becken des Lago di Piediluco dient als Reservoir f\u00fcr die zentrale, erbaut im Jahre 1929, in der Lage Strom mit einer Leistung von etwa 530 MW produzieren.<\/p>\n<p>Um den Betrieb der Station zu regulieren und die Vision f\u00fcr alle zu erm\u00f6glichen, in definiert, der Wasserfall Pl\u00e4ne und Perioden mit maximaler Leistung betrieben wird: ein akustisches Signal warnt die \u00d6ffnung der Steuergates, und innerhalb weniger Minuten die Str\u00f6mungsgeschwindigkeit erh\u00f6ht sich bis Maximalwert. Normalerweise arbeitet die Kaskade ein paar Stunden am Tag, mit verl\u00e4ngerten \u00d6ffnungszeiten anl\u00e4sslich der Feiertage. Sie Zugang zu den besten Aussichtspunkte durch eine Eintrittsgeb\u00fchr bezahlen.<\/p>\n<p>Der Wasserfall wird durch den Fluss Velino, dass in der N\u00e4he der Ortschaft Marmore (376 m s.l.m., 802 Einwohner nach den 2001 ISTAT-Daten) gebildet, es flie\u00dft vom Lake Piediluco und Tauchg\u00e4nge mit L\u00e4rm unterhalb der Schlucht des Nera. Normalerweise wird nur ein Teil des Wassers von Velino (mittlere Str\u00f6mungsgeschwindigkeit von 50 m\u00b3 \/ s) Fluss in Richtung des Wasserfall (ca. 30%, das entspricht etwa 15 m\u00b3 \/ s) umgeleitet. Es ist Teil des Nera Flusspark.<\/p>\n<p>Flora und Fauna<br \/>\nDie Flora und Fauna in den Wasserf\u00e4llen ist typisch f\u00fcr den Mittelmeerraum. Der Wasserfall wird durch die au\u00dfergew\u00f6hnliche biologische Vielfalt gekennzeichnet. Es gibt viele Pflanzen geh\u00f6ren, sowohl primitive Formen (blau und gr\u00fcn Algen, Moosen, Lebermoose und Flechten), beide entwickelten Organismen wie Makromyceten; Gef\u00e4\u00dfwasser und terrestrische Pflanzen (Farn- und Bl\u00fctenpflanzen). Dazu kommen die zahlreichen Pflanzenarten zoologischen Arten geh\u00f6ren zu den Insekten, Amphibien, Fische, Reptilien, V\u00f6gel und kleine S\u00e4ugetiere hinzugef\u00fcgt werden.<\/p>\n<p>Die Bedeutung dieser Artenvielfalt ist in der Tatsache, dass das Gebiet des Parks des Marmore wurde auf europ\u00e4ischer Ebene als SCI (SCI) und besondere Schutzgebiet (SPA) des europ\u00e4ischen \u00f6kologischen Netz Natura 2000 anerkannt [2] Sie sind pr\u00e4sentieren seltene Vogelarten oder sogar einzigartig in Italien. Einige Beispiele: Die Dipper und Bergstelze F\u00fctterung an den Ufern und in das Bett des Schwarzen; bunte Eisvogel, die w\u00e4hrend der Winterwanderungen beobachtet werden kann; Der Berg und der einsame Sparrow Swallow Nest in kahlen Felsw\u00e4nden und wei\u00dfen Ballerina baut sein Nest aus Lehm unter den D\u00e4chern der H\u00e4user neben dem Wasserfall; die Nachtigall, die die hygrophile Vegetation bewohnt; die moorhen und Mallard.<\/p>\n","protected":false},"excerpt":{"rendered":"<p>Marmore Falls ist eine kontrollierte Str\u00f6mung Wasserfall, zu den h\u00f6chsten in Europa, auf einer Fallh\u00f6he von 165 m verlassen, aufgeteilt [&hellip;]<\/p>\n","protected":false},"author":1,"featured_media":0,"parent":0,"menu_order":0,"comment_status":"closed","ping_status":"closed","template":"page-templates\/page-right.php","meta":{"footnotes":""},"class_list":["post-3948","page","type-page","status-publish","hentry"],"_links":{"self":[{"href":"https:\/\/www.santilariosulfarfa.com\/de\/wp-json\/wp\/v2\/pages\/3948","targetHints":{"allow":["GET"]}}],"collection":[{"href":"https:\/\/www.santilariosulfarfa.com\/de\/wp-json\/wp\/v2\/pages"}],"about":[{"href":"https:\/\/www.santilariosulfarfa.com\/de\/wp-json\/wp\/v2\/types\/page"}],"author":[{"embeddable":true,"href":"https:\/\/www.santilariosulfarfa.com\/de\/wp-json\/wp\/v2\/users\/1"}],"replies":[{"embeddable":true,"href":"https:\/\/www.santilariosulfarfa.com\/de\/wp-json\/wp\/v2\/comments?post=3948"}],"version-history":[{"count":2,"href":"https:\/\/www.santilariosulfarfa.com\/de\/wp-json\/wp\/v2\/pages\/3948\/revisions"}],"predecessor-version":[{"id":3956,"href":"https:\/\/www.santilariosulfarfa.com\/de\/wp-json\/wp\/v2\/pages\/3948\/revisions\/3956"}],"wp:attachment":[{"href":"https:\/\/www.santilariosulfarfa.com\/de\/wp-json\/wp\/v2\/media?parent=3948"}],"curies":[{"name":"wp","href":"https:\/\/api.w.org\/{rel}","templated":true}]}}